{"id":6342,"date":"2022-11-30T19:39:11","date_gmt":"2022-11-30T19:39:11","guid":{"rendered":"https:\/\/ekosistem.ugurbagtir.com\/?page_id=6342"},"modified":"2024-09-07T15:09:51","modified_gmt":"2024-09-07T15:09:51","slug":"elektro-fenton","status":"publish","type":"page","link":"https:\/\/ekosistemltd.com\/en\/elektro-fenton\/","title":{"rendered":"Electro-Fenton Treatment System"},"content":{"rendered":"<div class=\"vc_row wpb_row vc_row-fluid vc_custom_1669551379715\"><div class=\"wpb_column vc_column_container vc_col-sm-12\"><div class=\"vc_column-inner\"><div class=\"wpb_wrapper\">\n\t<div  class=\"wpb_single_image wpb_content_element vc_align_left\">\n\t\t\n\t\t<figure class=\"wpb_wrapper vc_figure\">\n\t\t\t<div class=\"vc_single_image-wrapper   vc_box_border_grey\"><img loading=\"lazy\" decoding=\"async\" width=\"1170\" height=\"694\" src=\"https:\/\/ekosistemltd.com\/wp-content\/uploads\/2022\/11\/ELEKTRO-FENTON.jpg\" class=\"vc_single_image-img attachment-full\" alt=\"\" title=\"ELECTRO FENTON\" srcset=\"https:\/\/ekosistemltd.com\/wp-content\/uploads\/2022\/11\/ELEKTRO-FENTON.jpg 1170w, https:\/\/ekosistemltd.com\/wp-content\/uploads\/2022\/11\/ELEKTRO-FENTON-600x356.jpg 600w, https:\/\/ekosistemltd.com\/wp-content\/uploads\/2022\/11\/ELEKTRO-FENTON-768x456.jpg 768w, https:\/\/ekosistemltd.com\/wp-content\/uploads\/2022\/11\/ELEKTRO-FENTON-18x12.jpg 18w, https:\/\/ekosistemltd.com\/wp-content\/uploads\/2022\/11\/ELEKTRO-FENTON-440x260.jpg 440w, https:\/\/ekosistemltd.com\/wp-content\/uploads\/2022\/11\/ELEKTRO-FENTON-220x130.jpg 220w\" sizes=\"auto, (max-width: 1170px) 100vw, 1170px\" \/><\/div>\n\t\t<\/figure>\n\t<\/div>\n<div class=\"vc_empty_space\"   style=\"height: 32px\"><span class=\"vc_empty_space_inner\"><\/span><\/div>\n\t<div class=\"wpb_text_column wpb_content_element\" >\n\t\t<div class=\"wpb_wrapper\">\n\t\t\t<div class=\"p-pdf_iframe__page\" aria-label=\"Page 10\" data-page-number=\"10\">\n<div class=\"textLayer\">\n<p><span style=\"font-weight: 400; color: #000000;\">One of the key challenges in wastewater recovery facilities is managing the concentrated wastewater discharged from reverse osmosis (RO) systems. This form of wastewater, which has higher Chemical Oxygen Demand (COD) and color content compared to the RO feed water, must be treated to prevent environmental harm and comply with <a style=\"color: #000000;\" href=\"https:\/\/ekosistemltd.com\/en\/service\/zdhc-uyumluluk-kapsaminda-atiksu-aritma-tesisi-denetimleri\/\" target=\"_blank\" rel=\"noopener\"><span style=\"text-decoration: underline;\"><strong>the Water Pollution Control Regulation and ZDHC<\/strong><\/span><\/a> (Zero Discharge of Hazardous Chemicals) discharge parameters. Conventional chemical treatment processes are often insufficient for treating such highly polluted wastewater. This is where Electro-Fenton technology comes into play. The Electro-Fenton process is an effective and environmentally friendly advanced treatment technology specifically designed for treating pharmaceuticals in wastewater with low suspended solids (SS) content.<\/span><\/p>\n<p>&nbsp;<\/p>\n<h2><span style=\"font-weight: 400; color: #000000;\">What Is ZDHC (Zero Discharge of Hazardous Chemicals)?<\/span><\/h2>\n<p><span style=\"font-weight: 400; color: #000000;\">Zero Discharge of Hazardous Chemicals is an initiative aimed at reducing the harmful environmental impacts of chemicals used in the textile, leather, and footwear industries. Launched in 2011 by a group of major fashion brands and retailers, the ZDHC program develops standards and guidelines to ensure sustainable chemical management and prevent the use of hazardous chemicals in the industry.<\/span><\/p>\n<p><span style=\"font-weight: 400; color: #000000;\">The primary goal of this program is to control the use of hazardous chemicals in production processes and ensure that they are discharged as zero waste into the environment. To achieve this, the ZDHC program has developed various guidelines, standards, and tools covering water quality, chemical management, wastewater management, and air emissions.<\/span><\/p>\n<p><span style=\"font-weight: 400; color: #000000;\"><a style=\"color: #000000;\" href=\"https:\/\/ekosistemltd.com\/en\/hakkimizda\/\" target=\"_blank\" rel=\"noopener\"><span style=\"text-decoration: underline;\"><strong>As Ekosistem Engineering<\/strong><\/span><\/a>we offer the Electro-Fenton (EF) system, specifically designed for managing RO concentrate wastewater. This system ensures the recovery of wastewater while minimizing environmental impact. The Electro-Fenton system is particularly effective in situations where conventional chemical treatment is insufficient, helping to recover wastewater without harming the environment.<\/span><\/p>\n<p>&nbsp;<\/p>\n<h2><span style=\"font-weight: 400; color: #000000;\">Other Effluent Water Treatment Systems That We Use<\/span><\/h2>\n<p><span style=\"color: #000000;\"><b>Mechanical Wastewater Treatment Systems:<\/b><\/span><\/p>\n<ul>\n<li style=\"font-weight: 400;\" aria-level=\"1\"><span style=\"font-weight: 400; color: #000000;\">Rotary Disc Screen<\/span><\/li>\n<li style=\"font-weight: 400;\" aria-level=\"1\"><span style=\"font-weight: 400; color: #000000;\">Vibrating Screen<\/span><\/li>\n<li style=\"font-weight: 400;\" aria-level=\"1\"><span style=\"font-weight: 400; color: #000000;\">Hydrostatic Screen<\/span><\/li>\n<li style=\"font-weight: 400;\" aria-level=\"1\"><span style=\"font-weight: 400; color: #000000;\">Mechanical Filter<\/span><\/li>\n<li style=\"font-weight: 400;\" aria-level=\"1\"><span style=\"font-weight: 400; color: #000000;\">Disc Filter<\/span><\/li>\n<\/ul>\n<p><span style=\"color: #000000;\"><b>Chemical Treatment Systems:<\/b><\/span><\/p>\n<ul>\n<li style=\"font-weight: 400;\" aria-level=\"1\"><span style=\"color: #000000;\"><a style=\"color: #000000;\" href=\"https:\/\/ekosistemltd.com\/en\/kimyasal-aritma-sistemleri-daf-sistemleri\/\" target=\"_blank\" rel=\"noopener\"><span style=\"text-decoration: underline;\"><strong>DAF Systems (Dissolved Air Flotation Systems)<\/strong><\/span><\/a><\/span><\/li>\n<\/ul>\n<p><span style=\"color: #000000;\"><b>Biological Treatment Systems:<\/b><\/span><\/p>\n<ul>\n<li style=\"font-weight: 400;\" aria-level=\"1\"><span style=\"font-weight: 400; color: #000000;\">Conventional Wastewater Treatment<\/span><\/li>\n<li style=\"font-weight: 400;\" aria-level=\"1\"><span style=\"color: #000000;\"><a style=\"color: #000000;\" href=\"https:\/\/ekosistemltd.com\/en\/mbr\/\" target=\"_blank\" rel=\"noopener\"><span style=\"text-decoration: underline;\"><strong>MBR (Membrane Bioreactor)<\/strong><\/span><\/a><\/span><\/li>\n<li style=\"font-weight: 400;\" aria-level=\"1\"><span style=\"font-weight: 400; color: #000000;\">MBBR (Moving Bed Bioreactor Systems)<\/span><\/li>\n<li style=\"font-weight: 400;\" aria-level=\"1\"><span style=\"font-weight: 400; color: #000000;\">SBR (Sequencing Batch Reactor)<\/span><\/li>\n<li style=\"font-weight: 400;\" aria-level=\"1\"><span style=\"font-weight: 400; color: #000000;\">Anaerobic Treatment<\/span><\/li>\n<\/ul>\n<p><span style=\"color: #000000;\"><b>Advanced Pre-Treatment Systems:<\/b><\/span><\/p>\n<ul>\n<li style=\"font-weight: 400;\" aria-level=\"1\"><span style=\"color: #000000;\"><a style=\"color: #000000;\" href=\"https:\/\/ekosistem.com\/kum-filtresi\/\" target=\"_blank\" rel=\"noopener\"><span style=\"text-decoration: underline;\"><strong>Sand Filters<\/strong><\/span><\/a><\/span><\/li>\n<li style=\"font-weight: 400;\" aria-level=\"1\"><span style=\"font-weight: 400; color: #000000;\">Activated Carbon Filters<\/span><\/li>\n<\/ul>\n<p><span style=\"color: #000000;\"><b>Membrane Technologies:<\/b><\/span><\/p>\n<ul>\n<li style=\"font-weight: 400;\" aria-level=\"1\"><span style=\"color: #000000;\"><a style=\"color: #000000;\" href=\"https:\/\/ekosistemltd.com\/en\/ters-ozmoz-sistemleri-bwro-swro-lfro\/\" target=\"_blank\" rel=\"noopener\"><span style=\"text-decoration: underline;\"><strong>Reverse Osmosis<\/strong><\/span><\/a><\/span><\/li>\n<li style=\"font-weight: 400;\" aria-level=\"1\"><span style=\"font-weight: 400; color: #000000;\">Nanofiltration<\/span><\/li>\n<li style=\"font-weight: 400;\" aria-level=\"1\"><span style=\"font-weight: 400; color: #000000;\">Ultrafiltration<\/span><\/li>\n<li style=\"font-weight: 400;\" aria-level=\"1\"><span style=\"font-weight: 400; color: #000000;\">EDI (Electrodeionization)<\/span><\/li>\n<\/ul>\n<p><span style=\"color: #000000;\"><b>Water Softening Systems:<\/b><\/span><\/p>\n<ul>\n<li style=\"font-weight: 400;\" aria-level=\"1\"><span style=\"font-weight: 400; color: #000000;\">Water Softening Resins<\/span><\/li>\n<\/ul>\n<p><span style=\"color: #000000;\"><b>Disinfection Systems:<\/b><\/span><\/p>\n<ul>\n<li style=\"font-weight: 400;\" aria-level=\"1\"><span style=\"font-weight: 400; color: #000000;\">UV (Ultraviolet)<\/span><\/li>\n<li style=\"font-weight: 400;\" aria-level=\"1\"><span style=\"font-weight: 400; color: #000000;\">Ozone<\/span><\/li>\n<\/ul>\n<p><span style=\"color: #000000;\"><b>Dosage Systems:<\/b><\/span><\/p>\n<ul>\n<li style=\"font-weight: 400;\" aria-level=\"1\"><span style=\"font-weight: 400; color: #000000;\">Chemical dosage systems allow precise and automated addition of <a style=\"color: #000000;\" href=\"https:\/\/ekosistemltd.com\/en\/service\/kimsyasal-madde-temini-ve-danismanligi\/\" target=\"_blank\" rel=\"noopener\"><span style=\"text-decoration: underline;\"><strong>various chemicals<\/strong><\/span><\/a> into wastewater treatment processes.<\/span><\/li>\n<\/ul>\n<p>&nbsp;<\/p>\n<p><span style=\"font-weight: 400; color: #000000;\">At Ekosistem Engineering, we continue to support environmental sustainability and reduce our carbon footprint by providing effective solutions in wastewater treatment projects with these diverse systems and technologies. You can <a style=\"color: #000000;\" href=\"https:\/\/ekosistemltd.com\/en\/iletisim\/\" target=\"_blank\" rel=\"noopener\"><span style=\"text-decoration: underline;\"><strong>contact us by filling out our communication form<\/strong><\/span><\/a> to make your wastewater treatment plant sustainable using our systems!<\/span><\/p>\n<\/div>\n<\/div>\n\n\t\t<\/div>\n\t<\/div>\n<\/div><\/div><\/div><\/div><div class=\"vc_row wpb_row vc_row-fluid vc_custom_1674430740590\"><div class=\"wpb_column vc_column_container vc_col-sm-4\"><div class=\"vc_column-inner\"><div class=\"wpb_wrapper\"><div class=\"btn-wrap d-flex justify-content-start\"><a href=\"https:\/\/ekosistem.ugurbagtir.com\/ters-ozmoz-sistemleri-bwro-swro-lfro\/\" class=\"btn  breno-btn btn-dark btn-rounded rounded\" data-css=\"&quot;&quot;\">Back to Technologies<\/a><\/div><\/div><\/div><\/div><div class=\"wpb_column vc_column_container vc_col-sm-4\"><div class=\"vc_column-inner\"><div class=\"wpb_wrapper\"><\/div><\/div><\/div><div class=\"wpb_column vc_column_container vc_col-sm-4\"><div class=\"vc_column-inner\"><div class=\"wpb_wrapper\"><\/div><\/div><\/div><\/div>","protected":false},"excerpt":{"rendered":"At\u0131ksu geri kazan\u0131m tesislerinde en \u00f6nemli konulardan biri, ters ozmoz sisteminden \u00e7\u0131kan konsantre at\u0131ksuyun y\u00f6netimidir. Ters ozmoz besleme suyuna g\u00f6re daha y\u00fcksek KOI (Kimyasal Oksijen \u0130htiyac\u0131) ve renk i\u00e7eri\u011fine sahip olan bu konsantre at\u0131ksular, \u00e7evreye zarar vermemek ve Su Kirlili\u011fi Kontrol\u00fc Y\u00f6netmeli\u011fi ile ZDHC de\u015farj parametrelerine uygun hale getirilmelidir. Konvansiyonel kimyasal ar\u0131tma s\u00fcre\u00e7leri, bu t\u00fcr","protected":false},"author":1,"featured_media":0,"parent":0,"menu_order":0,"comment_status":"closed","ping_status":"closed","template":"","meta":{"footnotes":""},"class_list":["post-6342","page","type-page","status-publish","hentry"],"aioseo_notices":[],"_links":{"self":[{"href":"https:\/\/ekosistemltd.com\/en\/wp-json\/wp\/v2\/pages\/6342","targetHints":{"allow":["GET"]}}],"collection":[{"href":"https:\/\/ekosistemltd.com\/en\/wp-json\/wp\/v2\/pages"}],"about":[{"href":"https:\/\/ekosistemltd.com\/en\/wp-json\/wp\/v2\/types\/page"}],"author":[{"embeddable":true,"href":"https:\/\/ekosistemltd.com\/en\/wp-json\/wp\/v2\/users\/1"}],"replies":[{"embeddable":true,"href":"https:\/\/ekosistemltd.com\/en\/wp-json\/wp\/v2\/comments?post=6342"}],"version-history":[{"count":8,"href":"https:\/\/ekosistemltd.com\/en\/wp-json\/wp\/v2\/pages\/6342\/revisions"}],"predecessor-version":[{"id":7558,"href":"https:\/\/ekosistemltd.com\/en\/wp-json\/wp\/v2\/pages\/6342\/revisions\/7558"}],"wp:attachment":[{"href":"https:\/\/ekosistemltd.com\/en\/wp-json\/wp\/v2\/media?parent=6342"}],"curies":[{"name":"wp","href":"https:\/\/api.w.org\/{rel}","templated":true}]}}