{"id":6337,"date":"2022-11-30T19:34:30","date_gmt":"2022-11-30T19:34:30","guid":{"rendered":"https:\/\/ekosistem.ugurbagtir.com\/?page_id=6337"},"modified":"2024-09-07T15:04:36","modified_gmt":"2024-09-07T15:04:36","slug":"kum-filtresi","status":"publish","type":"page","link":"https:\/\/ekosistemltd.com\/en\/kum-filtresi\/","title":{"rendered":"Sand Filter Water Treatment System"},"content":{"rendered":"<div class=\"vc_row wpb_row vc_row-fluid vc_custom_1669551379715\"><div class=\"wpb_column vc_column_container vc_col-sm-12\"><div class=\"vc_column-inner\"><div class=\"wpb_wrapper\">\n\t<div  class=\"wpb_single_image wpb_content_element vc_align_left\">\n\t\t\n\t\t<figure class=\"wpb_wrapper vc_figure\">\n\t\t\t<div class=\"vc_single_image-wrapper   vc_box_border_grey\"><img loading=\"lazy\" decoding=\"async\" width=\"1170\" height=\"694\" src=\"https:\/\/ekosistemltd.com\/wp-content\/uploads\/2022\/11\/KUM-F\u0098LTRES\u0098.jpg\" class=\"vc_single_image-img attachment-full\" alt=\"\" title=\"KUM F\u0098LTRES\u0098\" srcset=\"https:\/\/ekosistemltd.com\/wp-content\/uploads\/2022\/11\/KUM-F\u0098LTRES\u0098.jpg 1170w, https:\/\/ekosistemltd.com\/wp-content\/uploads\/2022\/11\/KUM-F\u0098LTRES\u0098-600x356.jpg 600w, https:\/\/ekosistemltd.com\/wp-content\/uploads\/2022\/11\/KUM-F\u0098LTRES\u0098-768x456.jpg 768w, https:\/\/ekosistemltd.com\/wp-content\/uploads\/2022\/11\/KUM-F\u0098LTRES\u0098-18x12.jpg 18w, https:\/\/ekosistemltd.com\/wp-content\/uploads\/2022\/11\/KUM-F\u0098LTRES\u0098-440x260.jpg 440w, https:\/\/ekosistemltd.com\/wp-content\/uploads\/2022\/11\/KUM-F\u0098LTRES\u0098-220x130.jpg 220w\" sizes=\"auto, (max-width: 1170px) 100vw, 1170px\" \/><\/div>\n\t\t<\/figure>\n\t<\/div>\n<div class=\"vc_empty_space\"   style=\"height: 32px\"><span class=\"vc_empty_space_inner\"><\/span><\/div>\n\t<div class=\"wpb_text_column wpb_content_element\" >\n\t\t<div class=\"wpb_wrapper\">\n\t\t\t<p><span style=\"font-weight: 400; color: #000000;\">A sand filter is a water treatment system designed to effectively remove various sizes and densities of particles that cause turbidity in water. This system consists of layers of specially designed media and media groups of different sizes. As the particles move through these layers, they are trapped and separated from the water. The sediment and impurities that accumulate on the filter are automatically cleaned through a backwashing process, ensuring the filter continues to operate efficiently.<\/span><\/p>\n<p>&nbsp;<\/p>\n<h2><span style=\"font-weight: 400; color: #000000;\">Kum Filtrelerinin \u00d6nemi ve Kullan\u0131m Alanlar\u0131<\/span><\/h2>\n<p><span style=\"font-weight: 400; color: #000000;\">Sand filters play a crucial role, especially as a pre-treatment step in <a style=\"color: #000000;\" href=\"https:\/\/ekosistemltd.com\/en\/ters-ozmoz-sistemleri-bwro-swro-lfro\/\" target=\"_blank\" rel=\"noopener\"><span style=\"text-decoration: underline;\"><strong>reverse osmosis (RO)<\/strong><\/span><\/a> systems. In reverse osmosis systems, feeding water with high levels of suspended solids (SS) directly to the membranes can lead to membrane fouling and reduced performance. In such cases, frequent chemical cleaning or complete replacement of the membranes may be required, resulting in high operating costs. However, sand filters effectively remove these larger particles, allowing water with less turbidity and contamination to be fed into the RO unit. This extends the life of the membranes and reduces maintenance costs.<\/span><\/p>\n<p><span style=\"font-weight: 400; color: #000000;\">Sand filters are not only used in reverse osmosis systems but also in various water sources such as swimming pools, well water, and artesian water. For example, swimming pool sand filter systems are widely used to maintain the cleanliness and water quality of swimming pools. Brackish water sand filters provide an effective solution for removing particles from well water.<\/span><\/p>\n<p>&nbsp;<\/p>\n<h2><span style=\"font-weight: 400; color: #000000;\">Types of Sand Filters<\/span><\/h2>\n<ol>\n<li style=\"font-weight: 400;\" aria-level=\"1\"><span style=\"color: #000000;\"><b>Fully Automatic Sand Filter<\/b><span style=\"font-weight: 400;\">: These systems are self-cleaning with an automatic backwash feature, requiring no human intervention. This is especially beneficial in<a href=\"https:\/\/ekosistemltd.com\/en\/service\/endustriyel-su-aritma-tesisleri\/\" target=\"_blank\" rel=\"noopener\"><span style=\"text-decoration: underline;\"><strong> industrial and large-scale applications<\/strong><\/span><\/a> , saving time and labor.<\/span><\/span><\/li>\n<li style=\"font-weight: 400;\" aria-level=\"1\"><span style=\"color: #000000;\"><b>Automatic Sand Filter<\/b><span style=\"font-weight: 400;\">: Semi-automatic systems perform the backwash process based on a timer or pressure difference. This minimizes interruptions during water purification and enhances the efficiency of the filtration process.<\/span><\/span><\/li>\n<li style=\"font-weight: 400;\" aria-level=\"1\"><span style=\"color: #000000;\"><b>Artesian Sand Filter<\/b><span style=\"font-weight: 400;\">: Water drawn from artesian wells generally contains higher levels of suspended solids naturally. Therefore, sand filters used in artesian water treatment have a larger particle retention capacity.<\/span><\/span><\/li>\n<\/ol>\n<p>&nbsp;<\/p>\n<h2><span style=\"font-weight: 400; color: #000000;\">Operating Principle of Sand Filters<\/span><\/h2>\n<p><span style=\"font-weight: 400; color: #000000;\">The operating principle of a sand filter is quite simple. Water enters the filter tank and passes through layers of sand and media of various sizes. These layers trap the particles in the water, allowing clean water to reach the outlet. Over time, the particles accumulate on the filter, forming a layer of sediment. This sediment is removed from the system by the backwashing process. The backwash process cleans the accumulated sediment and impurities with water flowing in the reverse direction, making the filter ready for reuse. Your wastewater treatment plant is in good hands! For more information on sand filters and our other technologies, <a href=\"https:\/\/ekosistemltd.com\/en\/iletisim\/\" target=\"_blank\" rel=\"noopener\"><span style=\"text-decoration: underline;\"><strong>please fill out our contact form!<\/strong><\/span><\/a><\/span><\/p>\n\n\t\t<\/div>\n\t<\/div>\n<\/div><\/div><\/div><\/div><div class=\"vc_row wpb_row vc_row-fluid vc_custom_1674430548112\"><div class=\"wpb_column vc_column_container vc_col-sm-4\"><div class=\"vc_column-inner\"><div class=\"wpb_wrapper\"><div class=\"btn-wrap d-flex justify-content-start\"><a href=\"https:\/\/ekosistem.ugurbagtir.com\/mbr\/\" class=\"btn  breno-btn btn-dark btn-rounded rounded\" data-css=\"&quot;&quot;\"><span class=\"btn-icon btn-icon-left\"><\/span>Back to Technologies<\/a><\/div><\/div><\/div><\/div><div class=\"wpb_column vc_column_container vc_col-sm-4\"><div class=\"vc_column-inner\"><div class=\"wpb_wrapper\"><\/div><\/div><\/div><div class=\"wpb_column vc_column_container vc_col-sm-4\"><div class=\"vc_column-inner\"><div class=\"wpb_wrapper\"><div class=\"btn-wrap d-flex justify-content-end\"><a href=\"https:\/\/ekosistem.ugurbagtir.com\/ters-ozmoz-sistemleri-bwro-swro-lfro\/\" class=\"btn  breno-btn btn-dark btn-rounded rounded\" data-css=\"&quot;&quot;\"><span class=\"btn-icon btn-icon-left\"><\/span>Next Technologies<\/a><\/div><\/div><\/div><\/div><\/div>","protected":false},"excerpt":{"rendered":"Kum filtresi, sudaki bulan\u0131kl\u0131\u011fa neden olan farkl\u0131 boyut ve yo\u011funluktaki partik\u00fclleri etkin bir \u015fekilde sudan uzakla\u015ft\u0131rmak i\u00e7in kullan\u0131lan bir su ar\u0131tma sistemidir. Bu sistem, \u00f6zel olarak tasarlanm\u0131\u015f ve farkl\u0131 boyutlarda media ve media gruplar\u0131ndan olu\u015fan katmanlar i\u00e7erir. Partik\u00fcller, bu katmanlar boyunca hareket ederken farkl\u0131 katmanlarda tutulur ve sudan ayr\u0131l\u0131r. Filtre \u00fczerinde biriken tortu ve kirler","protected":false},"author":1,"featured_media":0,"parent":0,"menu_order":0,"comment_status":"closed","ping_status":"closed","template":"","meta":{"footnotes":""},"class_list":["post-6337","page","type-page","status-publish","hentry"],"aioseo_notices":[],"_links":{"self":[{"href":"https:\/\/ekosistemltd.com\/en\/wp-json\/wp\/v2\/pages\/6337","targetHints":{"allow":["GET"]}}],"collection":[{"href":"https:\/\/ekosistemltd.com\/en\/wp-json\/wp\/v2\/pages"}],"about":[{"href":"https:\/\/ekosistemltd.com\/en\/wp-json\/wp\/v2\/types\/page"}],"author":[{"embeddable":true,"href":"https:\/\/ekosistemltd.com\/en\/wp-json\/wp\/v2\/users\/1"}],"replies":[{"embeddable":true,"href":"https:\/\/ekosistemltd.com\/en\/wp-json\/wp\/v2\/comments?post=6337"}],"version-history":[{"count":4,"href":"https:\/\/ekosistemltd.com\/en\/wp-json\/wp\/v2\/pages\/6337\/revisions"}],"predecessor-version":[{"id":7536,"href":"https:\/\/ekosistemltd.com\/en\/wp-json\/wp\/v2\/pages\/6337\/revisions\/7536"}],"wp:attachment":[{"href":"https:\/\/ekosistemltd.com\/en\/wp-json\/wp\/v2\/media?parent=6337"}],"curies":[{"name":"wp","href":"https:\/\/api.w.org\/{rel}","templated":true}]}}