{"id":6324,"date":"2022-11-27T12:14:12","date_gmt":"2022-11-27T12:14:12","guid":{"rendered":"https:\/\/ekosistem.ugurbagtir.com\/?page_id=6324"},"modified":"2024-09-07T15:08:31","modified_gmt":"2024-09-07T15:08:31","slug":"kimyasal-aritma-sistemleri-daf-sistemleri","status":"publish","type":"page","link":"https:\/\/ekosistemltd.com\/en\/kimyasal-aritma-sistemleri-daf-sistemleri\/","title":{"rendered":"Chemical Water Treatment Systems \u2013 DAF Systems"},"content":{"rendered":"<div class=\"vc_row wpb_row vc_row-fluid vc_custom_1669551379715\"><div class=\"wpb_column vc_column_container vc_col-sm-12\"><div class=\"vc_column-inner\"><div class=\"wpb_wrapper\">\n\t<div  class=\"wpb_single_image wpb_content_element vc_align_left\">\n\t\t\n\t\t<figure class=\"wpb_wrapper vc_figure\">\n\t\t\t<div class=\"vc_single_image-wrapper   vc_box_border_grey\"><img loading=\"lazy\" decoding=\"async\" width=\"1170\" height=\"694\" src=\"https:\/\/ekosistemltd.com\/wp-content\/uploads\/2022\/11\/K\u02dcMYASAL-ARITMA-S\u02dcSTEMLER\u02dc-DAF-S\u02dcSTEMLER\u02dc.jpg\" class=\"vc_single_image-img attachment-full\" alt=\"\" title=\"K\u02dcMYASAL ARITMA S\u02dcSTEMLER\u02dc - DAF S\u02dcSTEMLER\u02dc\" srcset=\"https:\/\/ekosistemltd.com\/wp-content\/uploads\/2022\/11\/K\u02dcMYASAL-ARITMA-S\u02dcSTEMLER\u02dc-DAF-S\u02dcSTEMLER\u02dc.jpg 1170w, https:\/\/ekosistemltd.com\/wp-content\/uploads\/2022\/11\/K\u02dcMYASAL-ARITMA-S\u02dcSTEMLER\u02dc-DAF-S\u02dcSTEMLER\u02dc-600x356.jpg 600w, https:\/\/ekosistemltd.com\/wp-content\/uploads\/2022\/11\/K\u02dcMYASAL-ARITMA-S\u02dcSTEMLER\u02dc-DAF-S\u02dcSTEMLER\u02dc-768x456.jpg 768w, https:\/\/ekosistemltd.com\/wp-content\/uploads\/2022\/11\/K\u02dcMYASAL-ARITMA-S\u02dcSTEMLER\u02dc-DAF-S\u02dcSTEMLER\u02dc-18x12.jpg 18w, https:\/\/ekosistemltd.com\/wp-content\/uploads\/2022\/11\/K\u02dcMYASAL-ARITMA-S\u02dcSTEMLER\u02dc-DAF-S\u02dcSTEMLER\u02dc-440x260.jpg 440w, https:\/\/ekosistemltd.com\/wp-content\/uploads\/2022\/11\/K\u02dcMYASAL-ARITMA-S\u02dcSTEMLER\u02dc-DAF-S\u02dcSTEMLER\u02dc-220x130.jpg 220w\" sizes=\"auto, (max-width: 1170px) 100vw, 1170px\" \/><\/div>\n\t\t<\/figure>\n\t<\/div>\n<div class=\"vc_empty_space\"   style=\"height: 32px\"><span class=\"vc_empty_space_inner\"><\/span><\/div>\n\t<div class=\"wpb_text_column wpb_content_element\" >\n\t\t<div class=\"wpb_wrapper\">\n\t\t\t<p><span style=\"font-weight: 400; color: #000000;\">Chemical treatment systems are crucial methods used to improve water quality and effectively remove pollutants from wastewater. Among these systems, one of the most common and effective techniques is DAF (Dissolved Air Flotation). The DAF system is a water treatment technology that uses microbubbles to clarify water by separating suspended solids (TSS), chemical oxygen demand (COD), and oils from the water.<\/span><\/p>\n<p><span style=\"font-weight: 400; color: #000000;\">The DAF water treatment system creates microscopic air bubbles by dissolving air under pressure. These bubbles attach to flocs within the water, causing them to float to the surface and form a sludge layer. Ekosistem Engineering\u2019s specially designed <a href=\"https:\/\/ekosistemltd.com\/en\/service\/atik-camur-susuzlastirma\/\" target=\"_blank\" rel=\"noopener\"><span style=\"text-decoration: underline;\"><strong>sludge skimming system (aka sludge dewatering system)<\/strong><\/span><\/a>, effectively removes the accumulated sludge from the water surface and transfers it to a sludge pool. The sludge that settles at the bottom is collected by bottom scrapers and sent to sludge collection tanks. Through this process, pollutants are efficiently removed from the wastewater, and the recycled water is transferred to the DAF effluent water tank for use.<\/span><\/p>\n<p>&nbsp;<\/p>\n<h2><span style=\"font-weight: 400; color: #000000;\">Chemical Treatment Methods<\/span><\/h2>\n<p><span style=\"font-weight: 400; color: #000000;\">Chemical treatment systems start with chemical processes such as coagulation and flocculation. The chemicals used in these processes help small, insoluble particles in the water to combine and form larger, easily settleable flocs. The DAF system then separates these flocs from the water by floating them to the surface with microbubbles. This technique is highly effective, especially in treating industrial wastewater.<\/span><\/p>\n<p><span style=\"font-weight: 400; color: #000000;\">There are various techniques and processes among chemical treatment methods, including coagulation, chemical oxidation, and pH adjustment. These methods regulate the chemical composition of water, facilitating the separation and removal of contaminants. Chemical water treatment systems are widely used, particularly in industrial facilities and municipal water treatment plants.<\/span><\/p>\n<p>&nbsp;<\/p>\n<h2><span style=\"font-weight: 400; color: #000000;\">Advantages of the DAF System<\/span><\/h2>\n<ul>\n<li style=\"font-weight: 400;\" aria-level=\"1\"><span style=\"color: #000000;\"><b>Effective Treatment:<\/b><span style=\"font-weight: 400;\"> Provides high removal rates of TSS, COD, and oils, clarifying and improving water quality.<\/span><\/span><\/li>\n<li style=\"font-weight: 400;\" aria-level=\"1\"><span style=\"color: #000000;\"><b>Low Operating Cost:<\/b><span style=\"font-weight: 400;\"> Offers energy savings and reduces costs through low chemical consumption.<\/span><\/span><\/li>\n<li style=\"font-weight: 400;\" aria-level=\"1\"><span style=\"color: #000000;\"><b>Flexibility:<\/b><span style=\"font-weight: 400;\"> Adapts to different water conditions and contaminant concentrations.<\/span><\/span><\/li>\n<li style=\"font-weight: 400;\" aria-level=\"1\"><span style=\"color: #000000;\"><b>Easy Installation and Operation:<\/b><span style=\"font-weight: 400;\"> It's modular structure allows for easy installation and operation.<\/span><\/span><\/li>\n<\/ul>\n<p><span style=\"font-weight: 400; color: #000000;\"><a style=\"color: #000000;\" href=\"https:\/\/ekosistemltd.com\/en\/hakkimizda\/\" target=\"_blank\" rel=\"noopener\"><strong><span style=\"text-decoration: underline;\">As Ekosistem Engineering<\/span><\/strong><\/a> we offer a wide range of wastewater treatment solutions. With our DAF systems and other chemical treatment methods, we provide systems that ensure optimum performance and minimum cost for our clients. We continue to be a leading solution partner in the industry with our innovative technologies and custom designs. If you need a support for your facility <a style=\"color: #000000;\" href=\"https:\/\/ekosistemltd.com\/en\/iletisim\/\" target=\"_blank\" rel=\"noopener\"><span style=\"text-decoration: underline;\"><strong>feel free to contact us!<\/strong><\/span><\/a><\/span><\/p>\n\n\t\t<\/div>\n\t<\/div>\n<div class=\"vc_empty_space\"   style=\"height: 32px\"><span class=\"vc_empty_space_inner\"><\/span><\/div><div class=\"btn-wrap d-flex justify-content-end\"><a href=\"https:\/\/ekosistem.ugurbagtir.com\/mbr\/\" class=\"btn  breno-btn btn-dark btn-rounded rounded\" data-css=\"&quot;&quot;\"><span class=\"btn-icon btn-icon-left fas fa-long-arrow-alt-right\"><\/span>Next Technologies<\/a><\/div><\/div><\/div><\/div><\/div>","protected":false},"excerpt":{"rendered":"Kimyasal ar\u0131tma sistemleri, suyun kalitesini iyile\u015ftirmek ve at\u0131ksudaki kirletici maddeleri etkili bir \u015fekilde gidermek i\u00e7in kullan\u0131lan \u00f6nemli bir y\u00f6ntemdir. Bu sistemler i\u00e7erisinde en yayg\u0131n ve etkili tekniklerden biri DAF (Dissolved Air Flotation) yani \u00c7\u00f6z\u00fcnm\u00fc\u015f Hava Flotasyonu'dur. DAF sistemi, suyu berrakla\u015ft\u0131rmak, ask\u0131da kat\u0131 madde (AKM), kimyasal oksijen ihtiyac\u0131 (KO\u0130) ve ya\u011f gibi kirleticileri ay\u0131rmak i\u00e7in mikro","protected":false},"author":1,"featured_media":0,"parent":0,"menu_order":0,"comment_status":"closed","ping_status":"closed","template":"","meta":{"footnotes":""},"class_list":["post-6324","page","type-page","status-publish","hentry"],"aioseo_notices":[],"_links":{"self":[{"href":"https:\/\/ekosistemltd.com\/en\/wp-json\/wp\/v2\/pages\/6324","targetHints":{"allow":["GET"]}}],"collection":[{"href":"https:\/\/ekosistemltd.com\/en\/wp-json\/wp\/v2\/pages"}],"about":[{"href":"https:\/\/ekosistemltd.com\/en\/wp-json\/wp\/v2\/types\/page"}],"author":[{"embeddable":true,"href":"https:\/\/ekosistemltd.com\/en\/wp-json\/wp\/v2\/users\/1"}],"replies":[{"embeddable":true,"href":"https:\/\/ekosistemltd.com\/en\/wp-json\/wp\/v2\/comments?post=6324"}],"version-history":[{"count":24,"href":"https:\/\/ekosistemltd.com\/en\/wp-json\/wp\/v2\/pages\/6324\/revisions"}],"predecessor-version":[{"id":7557,"href":"https:\/\/ekosistemltd.com\/en\/wp-json\/wp\/v2\/pages\/6324\/revisions\/7557"}],"wp:attachment":[{"href":"https:\/\/ekosistemltd.com\/en\/wp-json\/wp\/v2\/media?parent=6324"}],"curies":[{"name":"wp","href":"https:\/\/api.w.org\/{rel}","templated":true}]}}