{"id":6222,"date":"2022-11-25T07:46:32","date_gmt":"2022-11-25T07:46:32","guid":{"rendered":"https:\/\/ekosistem.ugurbagtir.com\/?page_id=6222"},"modified":"2024-09-18T11:16:53","modified_gmt":"2024-09-18T11:16:53","slug":"teknolojiler","status":"publish","type":"page","link":"https:\/\/ekosistemltd.com\/en\/teknolojiler\/","title":{"rendered":"Technologies"},"content":{"rendered":"<div data-vc-full-width=\"true\" data-vc-full-width-init=\"false\" class=\"vc_row wpb_row vc_row-fluid vc_custom_1725913074399 vc_row-has-fill\"><div class=\"wpb_column vc_column_container vc_col-sm-12\"><div class=\"vc_column-inner\"><div class=\"wpb_wrapper\">\n\t<div class=\"wpb_text_column wpb_content_element\" >\n\t\t<div class=\"wpb_wrapper\">\n\t\t\t<div class=\"wpb_text_column wpb_content_element\">\n<div class=\"wpb_wrapper\">\n<div class=\"services-wrapper services-2 services-light shortcode-rand-12 breno-inline-css\">\n<div class=\"row\">\n<div class=\"col-lg-4 col-md-4\">\n<div class=\"services-inner\">\n<div class=\"services-thumb\">\n<p><a class=\"read-more\" href=\"https:\/\/ekosistemltd.com\/en\/kimyasal-aritma-sistemleri-daf-sistemleri\/\"><img loading=\"lazy\" decoding=\"async\" class=\"img-fluid wp-post-image alignnone wp-image-6331 size-medium\" src=\"https:\/\/ekosistemltd.com\/wp-content\/uploads\/2022\/11\/K\u02dcMYASAL-ARITMA-S\u02dcSTEMLER\u02dc-DAF-S\u02dcSTEMLER\u02dc-768x456.jpg\" alt=\"\" width=\"768\" height=\"456\" srcset=\"https:\/\/ekosistemltd.com\/wp-content\/uploads\/2022\/11\/K\u02dcMYASAL-ARITMA-S\u02dcSTEMLER\u02dc-DAF-S\u02dcSTEMLER\u02dc-768x456.jpg 768w, https:\/\/ekosistemltd.com\/wp-content\/uploads\/2022\/11\/K\u02dcMYASAL-ARITMA-S\u02dcSTEMLER\u02dc-DAF-S\u02dcSTEMLER\u02dc-600x356.jpg 600w, https:\/\/ekosistemltd.com\/wp-content\/uploads\/2022\/11\/K\u02dcMYASAL-ARITMA-S\u02dcSTEMLER\u02dc-DAF-S\u02dcSTEMLER\u02dc.jpg 1170w, https:\/\/ekosistemltd.com\/wp-content\/uploads\/2022\/11\/K\u02dcMYASAL-ARITMA-S\u02dcSTEMLER\u02dc-DAF-S\u02dcSTEMLER\u02dc-18x12.jpg 18w, https:\/\/ekosistemltd.com\/wp-content\/uploads\/2022\/11\/K\u02dcMYASAL-ARITMA-S\u02dcSTEMLER\u02dc-DAF-S\u02dcSTEMLER\u02dc-440x260.jpg 440w, https:\/\/ekosistemltd.com\/wp-content\/uploads\/2022\/11\/K\u02dcMYASAL-ARITMA-S\u02dcSTEMLER\u02dc-DAF-S\u02dcSTEMLER\u02dc-220x130.jpg 220w\" sizes=\"auto, (max-width: 768px) 100vw, 768px\" \/><\/a><\/p>\n<div class=\"service-overlay-wrap breno-overlay-wrap\">\n<div class=\"services-read-more\"><a class=\"read-more\" href=\"https:\/\/ekosistemltd.com\/en\/kimyasal-aritma-sistemleri-daf-sistemleri\/\">Detail<\/a><\/div>\n<p><!-- .services-read-more --><\/p>\n<\/div>\n<p><!-- .breno-overlay-wrap --><\/p>\n<\/div>\n<p><!-- .services-thumb --><\/p>\n<div class=\"services-title\">\n<h4><a class=\"entry-title\" href=\"https:\/\/ekosistemltd.com\/en\/kimyasal-aritma-sistemleri-daf-sistemleri\/\">Chemical Water Treatment Systems \u2013 DAF Systems<\/a><\/h4>\n<\/div>\n<p><!-- .services-title --><\/p>\n<div class=\"services-excerpt\" style=\"color: #fff;\">Chemical treatment systems are crucial methods used to improve water quality and effectively remove pollutants from wastewater.<\/div>\n<p><!-- .services-excerpt --><\/p>\n<\/div>\n<p><!-- .services-inner --><\/p>\n<\/div>\n<p><!-- .cols --><\/p>\n<div class=\"col-lg-4 col-md-4\">\n<div class=\"services-inner\">\n<div class=\"services-thumb\">\n<p><a class=\"read-more\" href=\"https:\/\/ekosistemltd.com\/en\/mbr\/\"><img loading=\"lazy\" decoding=\"async\" class=\"img-fluid wp-post-image alignnone wp-image-6335 size-medium\" src=\"https:\/\/ekosistemltd.com\/wp-content\/uploads\/2022\/11\/MBR-768x456.jpg\" alt=\"\" width=\"768\" height=\"456\" srcset=\"https:\/\/ekosistemltd.com\/wp-content\/uploads\/2022\/11\/MBR-768x456.jpg 768w, https:\/\/ekosistemltd.com\/wp-content\/uploads\/2022\/11\/MBR-600x356.jpg 600w, https:\/\/ekosistemltd.com\/wp-content\/uploads\/2022\/11\/MBR.jpg 1170w, https:\/\/ekosistemltd.com\/wp-content\/uploads\/2022\/11\/MBR-18x12.jpg 18w, https:\/\/ekosistemltd.com\/wp-content\/uploads\/2022\/11\/MBR-440x260.jpg 440w, https:\/\/ekosistemltd.com\/wp-content\/uploads\/2022\/11\/MBR-220x130.jpg 220w\" sizes=\"auto, (max-width: 768px) 100vw, 768px\" \/><\/a><\/p>\n<div class=\"service-overlay-wrap breno-overlay-wrap\">\n<div class=\"services-read-more\"><a class=\"read-more\" href=\"https:\/\/ekosistemltd.com\/en\/mbr\/\">Detail<\/a><\/div>\n<p><!-- .services-read-more --><\/p>\n<\/div>\n<p><!-- .breno-overlay-wrap --><\/p>\n<\/div>\n<p><!-- .services-thumb --><\/p>\n<div class=\"services-title\">\n<h4><a class=\"entry-title\" href=\"https:\/\/ekosistemltd.com\/en\/mbr\/\">MBR (Membrane Bioreactor) Treatment System<\/a><\/h4>\n<\/div>\n<p><!-- .services-title --><\/p>\n<div class=\"services-excerpt\" style=\"color: #fff;\">The Membrane Bioreactor (MBR) is an innovative wastewater treatment method that combines biological wastewater treatment with membrane filtration technology.<\/div>\n<p><!-- .services-excerpt --><\/p>\n<\/div>\n<p><!-- .services-inner --><\/p>\n<\/div>\n<p><!-- .cols --><\/p>\n<div class=\"col-lg-4 col-md-4\">\n<div class=\"services-inner\">\n<div class=\"services-thumb\">\n<p><a class=\"read-more\" href=\"https:\/\/ekosistemltd.com\/en\/kum-filtresi\/\"><img loading=\"lazy\" decoding=\"async\" class=\"img-fluid wp-post-image alignnone wp-image-6338 size-medium\" src=\"https:\/\/ekosistemltd.com\/wp-content\/uploads\/2022\/11\/KUM-F\u0098LTRES\u0098-768x456.jpg\" alt=\"\" width=\"768\" height=\"456\" srcset=\"https:\/\/ekosistemltd.com\/wp-content\/uploads\/2022\/11\/KUM-F\u0098LTRES\u0098-768x456.jpg 768w, https:\/\/ekosistemltd.com\/wp-content\/uploads\/2022\/11\/KUM-F\u0098LTRES\u0098-600x356.jpg 600w, https:\/\/ekosistemltd.com\/wp-content\/uploads\/2022\/11\/KUM-F\u0098LTRES\u0098.jpg 1170w, https:\/\/ekosistemltd.com\/wp-content\/uploads\/2022\/11\/KUM-F\u0098LTRES\u0098-18x12.jpg 18w, https:\/\/ekosistemltd.com\/wp-content\/uploads\/2022\/11\/KUM-F\u0098LTRES\u0098-440x260.jpg 440w, https:\/\/ekosistemltd.com\/wp-content\/uploads\/2022\/11\/KUM-F\u0098LTRES\u0098-220x130.jpg 220w\" sizes=\"auto, (max-width: 768px) 100vw, 768px\" \/><\/a><\/p>\n<div class=\"service-overlay-wrap breno-overlay-wrap\">\n<div class=\"services-read-more\"><a class=\"read-more\" href=\"https:\/\/ekosistemltd.com\/en\/kum-filtresi\/\">Detail<\/a><\/div>\n<p><!-- .services-read-more --><\/p>\n<\/div>\n<p><!-- .breno-overlay-wrap --><\/p>\n<\/div>\n<p><!-- .services-thumb --><\/p>\n<div class=\"services-title\">\n<h4><a class=\"entry-title\" href=\"https:\/\/ekosistemltd.com\/en\/kum-filtresi\/\">Sand Filter Water Treatment System<\/a><\/h4>\n<\/div>\n<p><!-- .services-title --><\/p>\n<div class=\"services-excerpt\" style=\"color: #fff;\">A sand filter is a water treatment system designed to effectively remove various sizes and densities of particles that cause turbidity in water.<\/div>\n<p><!-- .services-excerpt --><\/p>\n<\/div>\n<p><!-- .services-inner --><\/p>\n<\/div>\n<p><!-- .cols --><\/p>\n<\/div>\n<div class=\"row\">\n<div class=\"col-lg-4 col-md-4\">\n<div class=\"services-inner\">\n<div class=\"services-thumb\">\n<p><a class=\"read-more\" href=\"https:\/\/ekosistemltd.com\/en\/ters-ozmoz-sistemleri-bwro-swro-lfro\/\"><img loading=\"lazy\" decoding=\"async\" class=\"img-fluid wp-post-image alignnone wp-image-6363 size-medium\" src=\"https:\/\/ekosistemltd.com\/wp-content\/uploads\/2022\/11\/TERS-OZMOZ-S\u0098STEMLER\u0098-768x456.jpg\" alt=\"\" width=\"768\" height=\"456\" srcset=\"https:\/\/ekosistemltd.com\/wp-content\/uploads\/2022\/11\/TERS-OZMOZ-S\u0098STEMLER\u0098-768x456.jpg 768w, https:\/\/ekosistemltd.com\/wp-content\/uploads\/2022\/11\/TERS-OZMOZ-S\u0098STEMLER\u0098-600x356.jpg 600w, https:\/\/ekosistemltd.com\/wp-content\/uploads\/2022\/11\/TERS-OZMOZ-S\u0098STEMLER\u0098.jpg 1170w, https:\/\/ekosistemltd.com\/wp-content\/uploads\/2022\/11\/TERS-OZMOZ-S\u0098STEMLER\u0098-18x12.jpg 18w, https:\/\/ekosistemltd.com\/wp-content\/uploads\/2022\/11\/TERS-OZMOZ-S\u0098STEMLER\u0098-440x260.jpg 440w, https:\/\/ekosistemltd.com\/wp-content\/uploads\/2022\/11\/TERS-OZMOZ-S\u0098STEMLER\u0098-220x130.jpg 220w\" sizes=\"auto, (max-width: 768px) 100vw, 768px\" \/><\/a><\/p>\n<div class=\"service-overlay-wrap breno-overlay-wrap\">\n<div class=\"services-read-more\"><a class=\"read-more\" href=\"https:\/\/ekosistemltd.com\/en\/ters-ozmoz-sistemleri-bwro-swro-lfro\/\">Detail<\/a><\/div>\n<p><!-- .services-read-more --><\/p>\n<\/div>\n<p><!-- .breno-overlay-wrap --><\/p>\n<\/div>\n<p><!-- .services-thumb --><\/p>\n<div class=\"services-title\">\n<h4><a class=\"entry-title\" href=\"https:\/\/ekosistemltd.com\/en\/ters-ozmoz-sistemleri-bwro-swro-lfro\/\">Reverse Osmosis Water Treatment Systems (BWRO-SWRO-LFRO)<\/a><\/h4>\n<\/div>\n<p><!-- .services-title --><\/p>\n<div class=\"services-excerpt\" style=\"color: #fff;\">Reverse osmosis (RO) systems are one of the most effective methods for water purification that uses pore sizes smaller than 0.0001 microns under high pressure.<\/div>\n<p><!-- .services-excerpt --><\/p>\n<\/div>\n<p><!-- .services-inner --><\/p>\n<\/div>\n<p><!-- .cols --><\/p>\n<div class=\"col-lg-4 col-md-4\">\n<div class=\"services-inner\">\n<div class=\"services-thumb\">\n<p><a class=\"read-more\" href=\"https:\/\/ekosistemltd.com\/en\/elektro-fenton\/\"><img loading=\"lazy\" decoding=\"async\" class=\"img-fluid wp-post-image alignnone wp-image-6344 size-medium\" src=\"https:\/\/ekosistemltd.com\/wp-content\/uploads\/2022\/11\/ELEKTRO-FENTON-768x456.jpg\" alt=\"\" width=\"768\" height=\"456\" srcset=\"https:\/\/ekosistemltd.com\/wp-content\/uploads\/2022\/11\/ELEKTRO-FENTON-768x456.jpg 768w, https:\/\/ekosistemltd.com\/wp-content\/uploads\/2022\/11\/ELEKTRO-FENTON-600x356.jpg 600w, https:\/\/ekosistemltd.com\/wp-content\/uploads\/2022\/11\/ELEKTRO-FENTON.jpg 1170w, https:\/\/ekosistemltd.com\/wp-content\/uploads\/2022\/11\/ELEKTRO-FENTON-18x12.jpg 18w, https:\/\/ekosistemltd.com\/wp-content\/uploads\/2022\/11\/ELEKTRO-FENTON-440x260.jpg 440w, https:\/\/ekosistemltd.com\/wp-content\/uploads\/2022\/11\/ELEKTRO-FENTON-220x130.jpg 220w\" sizes=\"auto, (max-width: 768px) 100vw, 768px\" \/><\/a><\/p>\n<div class=\"service-overlay-wrap breno-overlay-wrap\">\n<div class=\"services-read-more\"><a class=\"read-more\" href=\"https:\/\/ekosistemltd.com\/en\/elektro-fenton\/\">Detail<\/a><\/div>\n<p><!-- .services-read-more --><\/p>\n<\/div>\n<p><!-- .breno-overlay-wrap --><\/p>\n<\/div>\n<p><!-- .services-thumb --><\/p>\n<div class=\"services-title\">\n<h4><a class=\"entry-title\" href=\"https:\/\/ekosistemltd.com\/en\/elektro-fenton\/\">Electro-Fenton Treatment System<\/a><\/h4>\n<\/div>\n<p><!-- .services-title --><\/p>\n<div class=\"services-excerpt\" style=\"color: #fff;\">\n<p>One of the key challenges in wastewater recovery facilities is managing the concentrated wastewater discharged from reverse osmosis (RO) systems.<\/p>\n<\/div>\n<\/div>\n<\/div>\n<\/div>\n<\/div>\n<\/div>\n<\/div>\n\n\t\t<\/div>\n\t<\/div>\n\n\t<div class=\"wpb_text_column wpb_content_element\" id=\"At\u0131k Su Ar\u0131tma Sistemleri\">\n\t\t<div class=\"wpb_wrapper\">\n\t\t\t<div class=\"p-pdf_iframe__page\" aria-label=\"Page 8\" data-page-number=\"8\">\n<div class=\"textLayer\" style=\"text-align: center;\">\n<p><span style=\"color: #000000;\"><a style=\"color: #000000;\" href=\"https:\/\/ekosistemltd.com\/en\/hakkimizda\/\" target=\"_blank\" rel=\"noopener\"><span style=\"text-decoration: underline;\"><strong>As Ekosistem Engineering<\/strong><\/span><\/a>, our innovative technologies and solution offerings help reduce your operating costs and keep you ahead of the competition in the industry. With our advanced technology solutions, we can increase your energy efficiency, make effective use of your by-products, and maximize your recycling performance.<\/span><\/p>\n<p><span style=\"color: #000000;\">As one of the companies with the highest capacity for data processing among water treatment plant providers, we are committed to offering you the best technology. Our experienced teams design and install turnkey plants tailored to your needs and provide various inspection, maintenance, digital, and technological services to enhance your plant performance.<\/span><\/p>\n<p><span style=\"color: #000000;\">At Ekosistem Engineering, we strive to achieve the best results in your wastewater treatment processes through efficient management and technological innovations. While advancing your business into the future with our innovative solutions, we always try to make sure that you fully leverage the advantages offered by technology.<\/span><\/p>\n<\/div>\n<\/div>\n\n\t\t<\/div>\n\t<\/div>\n<\/div><\/div><\/div><\/div><div class=\"vc_row-full-width vc_clearfix\"><\/div>","protected":false},"excerpt":{"rendered":"Detay Kimyasal Ar\u0131tma Sistemleri \u2013 DAF Sistemleri DAF, suyu berrakla\u015ft\u0131rmak AKM, KOI ve ya\u011f\u0131 ay\u0131rmak i\u00e7in mikro kabarc\u0131klar kullan\u0131larak yap\u0131lan bir sistemdir. Detay MBR (Membran Biyoreakt\u00f6r) Ar\u0131tma Sistemi Membran biyoreakt\u00f6r (MBR), membran proseslerinin biyolojik at\u0131k su ar\u0131tma prosesi, aktif \u00e7amur prosesi ile birle\u015fimidir. Detay Kum Filtresi Ar\u0131tma Sistemi Kum filtresi, suda bulan\u0131kl\u0131\u011fa neden olan farkl\u0131","protected":false},"author":1,"featured_media":0,"parent":0,"menu_order":0,"comment_status":"closed","ping_status":"closed","template":"","meta":{"footnotes":""},"class_list":["post-6222","page","type-page","status-publish","hentry"],"aioseo_notices":[],"_links":{"self":[{"href":"https:\/\/ekosistemltd.com\/en\/wp-json\/wp\/v2\/pages\/6222","targetHints":{"allow":["GET"]}}],"collection":[{"href":"https:\/\/ekosistemltd.com\/en\/wp-json\/wp\/v2\/pages"}],"about":[{"href":"https:\/\/ekosistemltd.com\/en\/wp-json\/wp\/v2\/types\/page"}],"author":[{"embeddable":true,"href":"https:\/\/ekosistemltd.com\/en\/wp-json\/wp\/v2\/users\/1"}],"replies":[{"embeddable":true,"href":"https:\/\/ekosistemltd.com\/en\/wp-json\/wp\/v2\/comments?post=6222"}],"version-history":[{"count":61,"href":"https:\/\/ekosistemltd.com\/en\/wp-json\/wp\/v2\/pages\/6222\/revisions"}],"predecessor-version":[{"id":7630,"href":"https:\/\/ekosistemltd.com\/en\/wp-json\/wp\/v2\/pages\/6222\/revisions\/7630"}],"wp:attachment":[{"href":"https:\/\/ekosistemltd.com\/en\/wp-json\/wp\/v2\/media?parent=6222"}],"curies":[{"name":"wp","href":"https:\/\/api.w.org\/{rel}","templated":true}]}}