{"id":5376,"date":"2019-02-22T09:27:33","date_gmt":"2019-02-22T09:27:33","guid":{"rendered":"http:\/\/demo.zozothemes.com\/breno\/?page_id=5376"},"modified":"2024-09-07T13:43:52","modified_gmt":"2024-09-07T13:43:52","slug":"iletisim","status":"publish","type":"page","link":"https:\/\/ekosistemltd.com\/en\/iletisim\/","title":{"rendered":"Contact Us"},"content":{"rendered":"<div class=\"vc_row wpb_row vc_row-fluid overflow-visible overflowed vc_custom_1667412925089 vc_row-has-fill\"><div class=\"wpb_column vc_column_container vc_col-sm-12\"><div class=\"vc_column-inner\"><div class=\"wpb_wrapper\"><div class=\"vc_row wpb_row vc_inner vc_row-fluid vc_custom_1552029375010\"><div class=\"wpb_column vc_column_container vc_col-sm-6 vc_col-lg-4 vc_col-md-6\"><div class=\"vc_column-inner\"><div class=\"wpb_wrapper\"><div class=\"feature-box-wrapper active feature-box-style-1 text-left vc_custom_1725716608542 shortcode-rand-2 breno-inline-css feature-list-1\" data-css=\"&quot;.shortcode-rand-2.feature-box-wrapper .section-title { color: #151515; }.shortcode-rand-2.feature-box-wrapper .fbox-list .media-body &gt; *:nth-child(1) { margin-bottom: 10px; }.shortcode-rand-2.feature-box-wrapper {background: -moz-linear-gradient(141deg,  0%,  51%,  75%);\\n\\t\\t\\t\\tbackground: -webkit-linear-gradient(141deg,  0%,  51%,  75%);\\n\\t\\t\\t\\tbackground: linear-gradient(141deg,  0%,  51%,  75%);}.shortcode-rand-2 .feature-box-icon { font-size: 40px; }.shortcode-rand-2 .feature-box-icon { color: #6abe52; }.shortcode-rand-2:hover .feature-box-icon { color: #6abe52; }&quot;\" ><div class=\"fbox-list\"><div class=\"media\"><div class=\"feature-box-icon mr-4 text-center squared none\"><span class=\"ti-home\"><\/span><\/div><!-- .feature-box-icon --><div class=\"media-body\"><div class=\"feature-box-title\"><h5 class=\"section-title\">Address<\/h5><\/div><!-- .feature-box-title --><div class=\"feature-box-content\"><span style=\"color: #000000\">Zekeriyak\u00f6y Mahallesi, Ak\u00e7aa\u011fa\u00e7 Sokak No:11 Sar\u0131yer \/ \u0130stanbul \/ T\u00fcrkiye<\/span><\/div><!-- .feature-box-content --><\/div><\/div><\/div><\/div><!-- .feature-box-wrapper --><div class=\"feature-box-wrapper active feature-box-style-1 text-left vc_custom_1725716618525 shortcode-rand-3 breno-inline-css feature-list-1\" data-css=\"&quot;.shortcode-rand-3.feature-box-wrapper .section-title { color: #151515; }.shortcode-rand-3.feature-box-wrapper .fbox-list .media-body &gt; *:nth-child(1) { margin-bottom: 10px; }.shortcode-rand-3.feature-box-wrapper {background: -moz-linear-gradient(141deg,  0%,  51%,  75%);\\n\\t\\t\\t\\tbackground: -webkit-linear-gradient(141deg,  0%,  51%,  75%);\\n\\t\\t\\t\\tbackground: linear-gradient(141deg,  0%,  51%,  75%);}.shortcode-rand-3 .feature-box-icon { font-size: 40px; }.shortcode-rand-3 .feature-box-icon { color: #6abe52; }.shortcode-rand-3:hover .feature-box-icon { color: #6abe52; }&quot;\" ><div class=\"fbox-list\"><div class=\"media\"><div class=\"feature-box-icon mr-4 text-center squared none\"><span class=\"ti-headphone\"><\/span><\/div><!-- .feature-box-icon --><div class=\"media-body\"><div class=\"feature-box-title\"><h5 class=\"section-title\">Telephone<\/h5><\/div><!-- .feature-box-title --><div class=\"feature-box-content\"><span style=\"color: #000000\"><strong>Telephone<\/strong>: +90 212 202 99 22<\/span><br \/>\n<span style=\"color: #000000\"><strong>Telefon (2)<\/strong>: +90 546 442 37 00<\/span><br \/>\n<span style=\"color: #000000\"><strong>Fax<\/strong>: +90 212 202 99 23<\/span><\/div><!-- .feature-box-content --><\/div><\/div><\/div><\/div><!-- .feature-box-wrapper --><div class=\"feature-box-wrapper active feature-box-style-1 text-left vc_custom_1725716630246 shortcode-rand-4 breno-inline-css feature-list-1\" data-css=\"&quot;.shortcode-rand-4.feature-box-wrapper .section-title { color: #151515; }.shortcode-rand-4.feature-box-wrapper .fbox-list .media-body &gt; *:nth-child(1) { margin-bottom: 10px; }.shortcode-rand-4.feature-box-wrapper {background: -moz-linear-gradient(141deg,  0%,  51%,  75%);\\n\\t\\t\\t\\tbackground: -webkit-linear-gradient(141deg,  0%,  51%,  75%);\\n\\t\\t\\t\\tbackground: linear-gradient(141deg,  0%,  51%,  75%);}.shortcode-rand-4 .feature-box-icon { font-size: 40px; }.shortcode-rand-4 .feature-box-icon { color: #6abe52; }.shortcode-rand-4:hover .feature-box-icon { color: #6abe52; }&quot;\" ><div class=\"fbox-list\"><div class=\"media\"><div class=\"feature-box-icon mr-4 text-center squared none\"><span class=\"ti-email\"><\/span><\/div><!-- .feature-box-icon --><div class=\"media-body\"><div class=\"feature-box-title\"><h5 class=\"section-title\">Email<\/h5><\/div><!-- .feature-box-title --><div class=\"feature-box-content\"><span style=\"color: #000000\"><strong>Email:<\/strong>\u00a0<a style=\"color: #000000\" href=\"mailto:info@ekosistemltd.com\">info@ekosistemltd.com<\/a><\/span><\/div><!-- .feature-box-content --><\/div><\/div><\/div><\/div><!-- .feature-box-wrapper --><\/div><\/div><\/div><div class=\"wpb_column vc_column_container vc_col-sm-1\"><div class=\"vc_column-inner\"><div class=\"wpb_wrapper\"><\/div><\/div><\/div><div class=\"wpb_column vc_column_container vc_col-sm-6 vc_col-lg-7 vc_col-md-6\"><div class=\"vc_column-inner\"><div class=\"wpb_wrapper\"><div class=\"contact-form-wrapper contact-form-grey shortcode-rand-5 breno-inline-css\" data-css=\"&quot;.shortcode-rand-5.contact-form-wrapper { color: #ffffff; }&quot;\"><h3 class=\"contact-form-title\">Contact Form<\/h3><div class=\"contact-form\">\n<div class=\"wpcf7 no-js\" id=\"wpcf7-f1241-o1\" lang=\"en-US\" dir=\"ltr\" data-wpcf7-id=\"1241\">\n<div class=\"screen-reader-response\"><p role=\"status\" aria-live=\"polite\" aria-atomic=\"true\"><\/p> <ul><\/ul><\/div>\n<form action=\"\/wp-json\/wp\/v2\/pages\/5376\" method=\"post\" class=\"wpcf7-form init\" aria-label=\"Contact form\" novalidate=\"novalidate\" data-status=\"init\" data-trp-original-action=\"\/en\/wp-json\/wp\/v2\/pages\/5376#wpcf7-f1241-o1\">\n<div style=\"display: none;\">\n<input type=\"hidden\" name=\"_wpcf7\" value=\"1241\" \/>\n<input type=\"hidden\" name=\"_wpcf7_version\" value=\"6.0.1\" \/>\n<input type=\"hidden\" name=\"_wpcf7_locale\" value=\"en_US\" \/>\n<input type=\"hidden\" name=\"_wpcf7_unit_tag\" value=\"wpcf7-f1241-o1\" \/>\n<input type=\"hidden\" name=\"_wpcf7_container_post\" value=\"0\" \/>\n<input type=\"hidden\" name=\"_wpcf7_posted_data_hash\" value=\"\" \/>\n<\/div>\n<div class=\"row\">\n\t<div class=\"col-md-6 col-sm-12\">\n\t\t<p><span class=\"wpcf7-form-control-wrap\" data-name=\"your-name\"><input size=\"40\" maxlength=\"400\" class=\"wpcf7-form-control wpcf7-text wpcf7-validates-as-required\" aria-required=\"true\" aria-invalid=\"false\" placeholder=\"Your Name*\" value=\"\" type=\"text\" name=\"your-name\" \/><\/span>\n\t\t<\/p>\n\t<\/div>\n\t<div class=\"col-md-6 col-sm-12\">\n\t\t<p><span class=\"wpcf7-form-control-wrap\" data-name=\"your-email\"><input size=\"40\" maxlength=\"400\" class=\"wpcf7-form-control wpcf7-email wpcf7-validates-as-required wpcf7-text wpcf7-validates-as-email\" aria-required=\"true\" aria-invalid=\"false\" placeholder=\"Email*\" value=\"\" type=\"email\" name=\"your-email\" \/><\/span>\n\t\t<\/p>\n\t<\/div>\n\t<div class=\"col-md-12 col-sm-12\">\n\t\t<p><span class=\"wpcf7-form-control-wrap\" data-name=\"your-website\"><input size=\"40\" maxlength=\"400\" class=\"wpcf7-form-control wpcf7-text\" aria-invalid=\"false\" placeholder=\"Website Url\" value=\"\" type=\"text\" name=\"your-website\" \/><\/span>\n\t\t<\/p>\n\t<\/div>\n\t<div class=\"col-md-12 col-sm-12\">\n\t\t<p><span class=\"wpcf7-form-control-wrap\" data-name=\"your-message\"><textarea cols=\"40\" rows=\"10\" maxlength=\"2000\" class=\"wpcf7-form-control wpcf7-textarea\" aria-invalid=\"false\" placeholder=\"Your message\" name=\"your-message\"><\/textarea><\/span>\n\t\t<\/p>\n\t<\/div>\n<\/div>\n<p><input class=\"wpcf7-form-control wpcf7-submit has-spinner\" type=\"submit\" value=\"Send\" \/>\n<\/p><div class=\"wpcf7-response-output\" aria-hidden=\"true\"><\/div>\n<input type=\"hidden\" name=\"trp-form-language\" value=\"en\"\/><\/form>\n<\/div>\n<\/div><!-- .contact-form --><\/div><!-- .contact-form-wrapper --><\/div><\/div><\/div><\/div><\/div><\/div><\/div><\/div><div data-vc-full-width=\"true\" data-vc-full-width-init=\"false\" class=\"vc_row wpb_row vc_row-fluid vc_custom_1552029586068\"><div class=\"wpb_column vc_column_container vc_col-sm-12\"><div class=\"vc_column-inner vc_custom_1549878027078\"><div class=\"wpb_wrapper\"><div class=\"wpb_gmaps_widget wpb_content_element vc_custom_1663015575263\"><div class=\"wpb_wrapper\"><div class=\"wpb_map_wraper\"><iframe src=\"https:\/\/www.google.com\/maps\/embed?pb=!1m18!1m12!1m3!1d3001.683744468463!2d29.02112355475104!3d41.20686798993547!2m3!1f0!2f0!3f0!3m2!1i1024!2i768!4f13.1!3m3!1m2!1s0x409fe10633929cdd%3A0x30b0a89e451a42ab!2zWmVrZXJpeWFrw7Z5LCBBa8OnYWHEn2HDpyBTay4gTm86MTEsIDM0NDUwIFNhcsSxeWVyL8Swc3RhbmJ1bA!5e0!3m2!1str!2str!4v1663015524174!5m2!1str!2str\" width=\"600\" height=\"550\" style=\"border:0;\" allowfullscreen=\"\" loading=\"lazy\" referrerpolicy=\"no-referrer-when-downgrade\"><\/iframe><\/div><\/div><\/div><\/div><\/div><\/div><\/div><div class=\"vc_row-full-width vc_clearfix\"><\/div>","protected":false},"excerpt":{"rendered":"AdresZekeriyak\u00f6y Mahallesi, Ak\u00e7aa\u011fa\u00e7 Sokak No:11 Sar\u0131yer \/ \u0130stanbul \/ T\u00fcrkiyeTelefonTelefon: +90 212 202 99 22 Telefon (2): +90 546 442 37 00 Fax: +90 212 202 99 23EpostaEmail:\u00a0info@ekosistemltd.com\u0130leti\u015fim Formu","protected":false},"author":1,"featured_media":0,"parent":0,"menu_order":0,"comment_status":"closed","ping_status":"closed","template":"","meta":{"footnotes":""},"class_list":["post-5376","page","type-page","status-publish","hentry"],"aioseo_notices":[],"_links":{"self":[{"href":"https:\/\/ekosistemltd.com\/en\/wp-json\/wp\/v2\/pages\/5376","targetHints":{"allow":["GET"]}}],"collection":[{"href":"https:\/\/ekosistemltd.com\/en\/wp-json\/wp\/v2\/pages"}],"about":[{"href":"https:\/\/ekosistemltd.com\/en\/wp-json\/wp\/v2\/types\/page"}],"author":[{"embeddable":true,"href":"https:\/\/ekosistemltd.com\/en\/wp-json\/wp\/v2\/users\/1"}],"replies":[{"embeddable":true,"href":"https:\/\/ekosistemltd.com\/en\/wp-json\/wp\/v2\/comments?post=5376"}],"version-history":[{"count":7,"href":"https:\/\/ekosistemltd.com\/en\/wp-json\/wp\/v2\/pages\/5376\/revisions"}],"predecessor-version":[{"id":7555,"href":"https:\/\/ekosistemltd.com\/en\/wp-json\/wp\/v2\/pages\/5376\/revisions\/7555"}],"wp:attachment":[{"href":"https:\/\/ekosistemltd.com\/en\/wp-json\/wp\/v2\/media?parent=5376"}],"curies":[{"name":"wp","href":"https:\/\/api.w.org\/{rel}","templated":true}]}}