{"id":218,"date":"2018-07-06T07:51:05","date_gmt":"2018-07-06T07:51:05","guid":{"rendered":"http:\/\/demo.zozothemes.com\/breno\/home-copy\/"},"modified":"2018-07-06T07:51:05","modified_gmt":"2018-07-06T07:51:05","slug":"blog-grid","status":"publish","type":"page","link":"https:\/\/ekosistemltd.com\/en\/blog-grid\/","title":{"rendered":"Blog Grid"},"content":{"rendered":"<div data-vc-full-width=\"true\" data-vc-full-width-init=\"false\" class=\"vc_row wpb_row vc_row-fluid vc_custom_1549878729275\"><div class=\"wpb_column vc_column_container vc_col-sm-12\"><div class=\"vc_column-inner\"><div class=\"wpb_wrapper\"><div class=\"vc_row wpb_row vc_inner vc_row-fluid\"><div class=\"wpb_column vc_column_container vc_col-sm-12\"><div class=\"vc_column-inner\"><div class=\"wpb_wrapper\"><div class=\"blog-wrapper blog-style-2 blog-light shortcode-rand-2 breno-inline-css\" data-css=\"&quot;.shortcode-rand-2.blog-wrapper .blog-inner &gt; *:nth-child(1) { margin-bottom: 35px; }.shortcode-rand-2.blog-wrapper .blog-inner &gt; *:nth-child(2) { margin-bottom: 15px; }.shortcode-rand-2.blog-wrapper .blog-inner &gt; *:nth-child(3) { margin-bottom: 5px; }&quot;\"><div class=\"row\"><div class=\"col-lg-4 col-md-4\"><div class=\"blog-inner\"><div class=\"post-thumb\"><div class=\"post-thumb-overlay\"><a href=\"https:\/\/ekosistemltd.com\/en\/atik-su-aritimi-neden-hayati-oneme-sahip\/\" class=\"post-link\"><\/a><\/div><img loading=\"lazy\" decoding=\"async\" height=\"700\" width=\"792\" class=\"img-fluid\" alt=\"At\u0131k Su Ar\u0131t\u0131m\u0131 Neden Hayati \u00d6neme Sahip?\" src=\"https:\/\/ekosistemltd.com\/wp-content\/uploads\/2025\/01\/Atik-Su-Aritimi-Neden-Hayati-O\u0308neme-Sahip-792x700.webp\"\/><div class=\"sticky-date\"><div class=\"post-date\"><a href=\"https:\/\/ekosistemltd.com\/en\/2025\/01\/11\/\" >January 11, 2025<\/a><\/div><\/div><\/div><!-- .post-thumb --><div class=\"entry-title\"><h5><a href=\"https:\/\/ekosistemltd.com\/en\/atik-su-aritimi-neden-hayati-oneme-sahip\/\" class=\"post-title\">Why Is Wastewater Treatment Critically Important?<\/a><\/h5><\/div><!-- .entry-title --><div class=\"bottom-meta clearfix\"><ul class=\"bottom-meta-list\"><li><div class=\"post-more\"><a class=\"read-more\" href=\"https:\/\/ekosistemltd.com\/en\/atik-su-aritimi-neden-hayati-oneme-sahip\/\">Continue Reading<\/a><\/div><\/li><\/ul><\/div><\/div><!-- .blog-inner --><\/div><!-- .cols --><div class=\"col-lg-4 col-md-4\"><div class=\"blog-inner\"><div class=\"post-thumb\"><div class=\"post-thumb-overlay\"><a href=\"https:\/\/ekosistemltd.com\/en\/dunya-genelinde-su-kaynaklarinin-durumu-ve-su-ayak-izi\/\" class=\"post-link\"><\/a><\/div><img loading=\"lazy\" decoding=\"async\" height=\"700\" width=\"792\" class=\"img-fluid\" alt=\"D\u00fcnya Genelinde Su Kaynaklar\u0131n\u0131n Durumu ve Su Ayak \u0130zi\" src=\"https:\/\/ekosistemltd.com\/wp-content\/uploads\/2025\/01\/Du\u0308nya-Genelinde-Su-Kaynaklarinin-Durumu-ve-Su-Ayak-I\u0307zi-1-792x700.webp\"\/><div class=\"sticky-date\"><div class=\"post-date\"><a href=\"https:\/\/ekosistemltd.com\/en\/2025\/01\/11\/\" >January 11, 2025<\/a><\/div><\/div><\/div><!-- .post-thumb --><div class=\"entry-title\"><h5><a href=\"https:\/\/ekosistemltd.com\/en\/dunya-genelinde-su-kaynaklarinin-durumu-ve-su-ayak-izi\/\" class=\"post-title\">D\u00fcnya Genelinde Su Kaynaklar\u0131n\u0131n Durumu ve Su Ayak \u0130zi<\/a><\/h5><\/div><!-- .entry-title --><div class=\"bottom-meta clearfix\"><ul class=\"bottom-meta-list\"><li><div class=\"post-more\"><a class=\"read-more\" href=\"https:\/\/ekosistemltd.com\/en\/dunya-genelinde-su-kaynaklarinin-durumu-ve-su-ayak-izi\/\">Continue Reading<\/a><\/div><\/li><\/ul><\/div><\/div><!-- .blog-inner --><\/div><!-- .cols --><div class=\"col-lg-4 col-md-4\"><div class=\"blog-inner\"><div class=\"post-thumb\"><div class=\"post-thumb-overlay\"><a href=\"https:\/\/ekosistemltd.com\/en\/surdurulebilir-yasam-ve-atik-su-aritimi\/\" class=\"post-link\"><\/a><\/div><img loading=\"lazy\" decoding=\"async\" height=\"700\" width=\"792\" class=\"img-fluid\" alt=\"S\u00fcrd\u00fcr\u00fclebilir Ya\u015fam \u0130\u00e7in At\u0131k Su Ar\u0131t\u0131m\u0131n\u0131n \u00d6nemi Nedir?\" src=\"https:\/\/ekosistemltd.com\/wp-content\/uploads\/2025\/01\/Su\u0308rdu\u0308ru\u0308lebilir-Yas\u0327am-I\u0307c\u0327in-Atik-Su-Aritiminin-O\u0308nemi-Nedir_-1-scaled-792x700.webp\"\/><div class=\"sticky-date\"><div class=\"post-date\"><a href=\"https:\/\/ekosistemltd.com\/en\/2025\/01\/04\/\" >January 4, 2025<\/a><\/div><\/div><\/div><!-- .post-thumb --><div class=\"entry-title\"><h5><a href=\"https:\/\/ekosistemltd.com\/en\/surdurulebilir-yasam-ve-atik-su-aritimi\/\" class=\"post-title\">The Importance of Wastewater Treatment for a Sustainable Life<\/a><\/h5><\/div><!-- .entry-title --><div class=\"bottom-meta clearfix\"><ul class=\"bottom-meta-list\"><li><div class=\"post-more\"><a class=\"read-more\" href=\"https:\/\/ekosistemltd.com\/en\/surdurulebilir-yasam-ve-atik-su-aritimi\/\">Continue Reading<\/a><\/div><\/li><\/ul><\/div><\/div><!-- .blog-inner --><\/div><!-- .cols --><\/div><!-- .row --><div class=\"row\"><div class=\"col-lg-4 col-md-4\"><div class=\"blog-inner\"><div class=\"post-thumb\"><div class=\"post-thumb-overlay\"><a href=\"https:\/\/ekosistemltd.com\/en\/icecek-sektorunde-atiksu-aritma-sistemlerinin-rolu-ve-onemi\/\" class=\"post-link\"><\/a><\/div><img loading=\"lazy\" decoding=\"async\" height=\"667\" width=\"1000\" class=\"img-fluid\" alt=\"\u0130\u00e7ecek Sekt\u00f6r\u00fcnde At\u0131ksu Ar\u0131tma Sistemlerinin Rol\u00fc ve \u00d6nemi\" src=\"https:\/\/ekosistemltd.com\/wp-content\/uploads\/2024\/12\/I\u0307c\u0327ecek-Sekto\u0308ru\u0308nde-Atiksu-Aritma-Sistemlerinin-Rolu\u0308-ve-O\u0308nemi.webp\"\/><div class=\"sticky-date\"><div class=\"post-date\"><a href=\"https:\/\/ekosistemltd.com\/en\/2024\/12\/12\/\" >December 12, 2024<\/a><\/div><\/div><\/div><!-- .post-thumb --><div class=\"entry-title\"><h5><a href=\"https:\/\/ekosistemltd.com\/en\/icecek-sektorunde-atiksu-aritma-sistemlerinin-rolu-ve-onemi\/\" class=\"post-title\">The Role and Importance of Wastewater Treatment Systems in the Beverage Industry<\/a><\/h5><\/div><!-- .entry-title --><div class=\"bottom-meta clearfix\"><ul class=\"bottom-meta-list\"><li><div class=\"post-more\"><a class=\"read-more\" href=\"https:\/\/ekosistemltd.com\/en\/icecek-sektorunde-atiksu-aritma-sistemlerinin-rolu-ve-onemi\/\">Continue Reading<\/a><\/div><\/li><\/ul><\/div><\/div><!-- .blog-inner --><\/div><!-- .cols --><div class=\"col-lg-4 col-md-4\"><div class=\"blog-inner\"><div class=\"post-thumb\"><div class=\"post-thumb-overlay\"><a href=\"https:\/\/ekosistemltd.com\/en\/plastik-geri-donusum-tesislerinde-atik-su-aritiminin-onemi-verimlilik-ve-cevresel-surdurulebilirlik-icin-kritik-bir-adim\/\" class=\"post-link\"><\/a><\/div><img loading=\"lazy\" decoding=\"async\" height=\"700\" width=\"792\" class=\"img-fluid\" alt=\"Plastik Geri D\u00f6n\u00fc\u015f\u00fcm Tesislerinde At\u0131k Su Ar\u0131t\u0131m\u0131n\u0131n \u00d6nemi: Verimlilik ve \u00c7evresel S\u00fcrd\u00fcr\u00fclebilirlik i\u00e7in Kritik Bir Ad\u0131m\" src=\"https:\/\/ekosistemltd.com\/wp-content\/uploads\/2024\/12\/Plastik-Geri-Do\u0308nu\u0308s\u0327u\u0308m-Tesislerinde-Atik-Su-Aritiminin-O\u0308nemi-792x700.webp\"\/><div class=\"sticky-date\"><div class=\"post-date\"><a href=\"https:\/\/ekosistemltd.com\/en\/2024\/12\/10\/\" >December 10, 2024<\/a><\/div><\/div><\/div><!-- .post-thumb --><div class=\"entry-title\"><h5><a href=\"https:\/\/ekosistemltd.com\/en\/plastik-geri-donusum-tesislerinde-atik-su-aritiminin-onemi-verimlilik-ve-cevresel-surdurulebilirlik-icin-kritik-bir-adim\/\" class=\"post-title\">The Importance of Wastewater Treatment in Plastic Recycling Facilities: A Critical Step for Efficiency and Environmental Sustainability<\/a><\/h5><\/div><!-- .entry-title --><div class=\"bottom-meta clearfix\"><ul class=\"bottom-meta-list\"><li><div class=\"post-more\"><a class=\"read-more\" href=\"https:\/\/ekosistemltd.com\/en\/plastik-geri-donusum-tesislerinde-atik-su-aritiminin-onemi-verimlilik-ve-cevresel-surdurulebilirlik-icin-kritik-bir-adim\/\">Continue Reading<\/a><\/div><\/li><\/ul><\/div><\/div><!-- .blog-inner --><\/div><!-- .cols --><div class=\"col-lg-4 col-md-4\"><div class=\"blog-inner\"><div class=\"post-thumb\"><div class=\"post-thumb-overlay\"><a href=\"https:\/\/ekosistemltd.com\/en\/nanobubble-nano-kabarcik-teknolojisi-neden-cok-onemli\/\" class=\"post-link\"><\/a><\/div><img loading=\"lazy\" decoding=\"async\" height=\"640\" width=\"1000\" class=\"img-fluid\" alt=\"Nanobubble (Nano-Kabarc\u0131k) Teknolojisi Neden \u00c7ok \u00d6nemli?\" src=\"https:\/\/ekosistemltd.com\/wp-content\/uploads\/2024\/11\/Nanobubble-Nano-Kabarcik-Teknolojisi-Nedir-Neden-C\u0327ok-O\u0308nemlidir-e1732109923837.webp\"\/><div class=\"sticky-date\"><div class=\"post-date\"><a href=\"https:\/\/ekosistemltd.com\/en\/2024\/11\/20\/\" >November 20, 2024<\/a><\/div><\/div><\/div><!-- .post-thumb --><div class=\"entry-title\"><h5><a href=\"https:\/\/ekosistemltd.com\/en\/nanobubble-nano-kabarcik-teknolojisi-neden-cok-onemli\/\" class=\"post-title\">Nanobubble Technology Makes You a Profit!<\/a><\/h5><\/div><!-- .entry-title --><div class=\"bottom-meta clearfix\"><ul class=\"bottom-meta-list\"><li><div class=\"post-more\"><a class=\"read-more\" href=\"https:\/\/ekosistemltd.com\/en\/nanobubble-nano-kabarcik-teknolojisi-neden-cok-onemli\/\">Continue Reading<\/a><\/div><\/li><\/ul><\/div><\/div><!-- .blog-inner --><\/div><!-- .cols --><\/div><!-- .row --><\/div><!-- .blog-wrapper --><\/div><\/div><\/div><\/div><\/div><\/div><\/div><\/div><div class=\"vc_row-full-width vc_clearfix\"><\/div>","protected":false},"excerpt":{"rendered":"Nanobubble (Nano-kabarc\u0131k) teknolojisi, s\u0131v\u0131 i\u00e7inde 100 nanometreden daha k\u00fc\u00e7\u00fck \u00e7apa sahip son derece k\u00fc\u00e7\u00fck, kararl\u0131 gaz baloncuklar\u0131n\u0131n \u00fcretimini temel al\u0131r. Bu kabarc\u0131klar, s\u0131radan bir sofra tuzu tanesinden yakla\u015f\u0131k 2.500 kat daha k\u00fc\u00e7\u00fck olduklar\u0131 i\u00e7in \u00e7\u0131plak g\u00f6zle g\u00f6r\u00fclemezler. Nano-kabarc\u0131klar, s\u0131radan kabarc\u0131klar\u0131n aksine, d\u00fc\u015f\u00fck y\u00fczd\u00fcrme g\u00fc\u00e7leri sayesinde s\u0131v\u0131 i\u00e7inde uzun s\u00fcre as\u0131l\u0131 kalabilir ve y\u00fczeye \u00e7\u0131k\u0131p patlamazlar.","protected":false},"author":1,"featured_media":0,"parent":0,"menu_order":0,"comment_status":"closed","ping_status":"closed","template":"","meta":{"footnotes":""},"class_list":["post-218","page","type-page","status-publish","hentry"],"aioseo_notices":[],"_links":{"self":[{"href":"https:\/\/ekosistemltd.com\/en\/wp-json\/wp\/v2\/pages\/218","targetHints":{"allow":["GET"]}}],"collection":[{"href":"https:\/\/ekosistemltd.com\/en\/wp-json\/wp\/v2\/pages"}],"about":[{"href":"https:\/\/ekosistemltd.com\/en\/wp-json\/wp\/v2\/types\/page"}],"author":[{"embeddable":true,"href":"https:\/\/ekosistemltd.com\/en\/wp-json\/wp\/v2\/users\/1"}],"replies":[{"embeddable":true,"href":"https:\/\/ekosistemltd.com\/en\/wp-json\/wp\/v2\/comments?post=218"}],"version-history":[{"count":0,"href":"https:\/\/ekosistemltd.com\/en\/wp-json\/wp\/v2\/pages\/218\/revisions"}],"wp:attachment":[{"href":"https:\/\/ekosistemltd.com\/en\/wp-json\/wp\/v2\/media?parent=218"}],"curies":[{"name":"wp","href":"https:\/\/api.w.org\/{rel}","templated":true}]}}