{"id":1712,"date":"2018-10-27T06:49:47","date_gmt":"2018-10-27T06:49:47","guid":{"rendered":"http:\/\/demo.zozothemes.com\/breno\/?page_id=1712"},"modified":"2024-09-17T12:52:38","modified_gmt":"2024-09-17T12:52:38","slug":"hakkimizda","status":"publish","type":"page","link":"https:\/\/ekosistemltd.com\/en\/hakkimizda\/","title":{"rendered":"About Us"},"content":{"rendered":"<div data-vc-full-width=\"true\" data-vc-full-width-init=\"false\" data-bg-overlay=\"rgba(255,255,255,0.6)\" data-class=\"breno-custom-row-1\" class=\"vc_row wpb_row vc_row-fluid bg-pos-left-top vc_custom_1549862621461 vc_row-o-content-middle vc_row-flex row-overlay-custom breno-vc-row breno-custom-row-1\"><span class=\"row-overlay\"><\/span><div class=\"pr-md-5 wpb_column vc_column_container vc_col-sm-12 vc_col-lg-6 vc_col-md-6\"><div class=\"vc_column-inner\"><div class=\"wpb_wrapper\"><div class=\"section-title-wrapper shortcode-rand-2 breno-inline-css\" data-css=\"&quot;.shortcode-rand-2 .background-title { font-family:Abril Fatface;font-weight:400;font-style:normal }.shortcode-rand-2 .title-separator.separator-border,.section-title-wrapper .title-separator.separator-border:after, .section-title-wrapper .title-separator.separator-border:before { background-color: ; }.shortcode-rand-2.section-title-wrapper &gt; *:nth-child(1) { margin-bottom: 35px; }.shortcode-rand-2 .section-title { color: #000000; text-transform: none; }&quot;\"><div class=\"title-wrap\"><h3 class=\"section-title\">ECOLOGICAL RESPONSIBILITY<\/h3><span class=\"title-separator separator-border theme-color-bg\"><\/span><\/div><!-- .title-wrap --><div class=\"section-description\"><span style=\"color: #000000\">The human race must make a deliberate effort to leave a more livable earth to future generations despite facing very serious issues such as the environmental emergency, climate change, resource depletion, biodiversity collapse, and widespread pollution. In this regard, it is crucial now more than ever to make decisions that respect the environment. It's time to get our hands dirty and bring about an ecological change.\n\n\nDuring this period when environmental concerns are more widespread than ever, Ekosistem Engineering, a pioneer in water reclamation, not only provides solutions for a better world but also offers services to accelerate and expand the distribution of existing resources. Our primary goal in our operational models is to use our water resources efficiently and contribute to the water ecosystem to reduce our environmental impact and carbon footprint.<\/span><\/p>\n<p><span style=\"color: #000000\">Optimizing the quantity of water used by a business or municipality is one of the most important sustainable development strategies to solve the growing resource shortage. It is also one of the best ways to protect the environment.\n\nAlong with our work in the sectors of water, waste, and energy that was innovative at the time, we also provide our clients with a wide range of services in every industry that will make it easier for them to access and properly use natural resources. Our working models' primary goal is to efficiently use resources in order to reduce our environmental impact.<\/span><\/div><!-- .section-description --><div class=\"button-section\"><\/div><!-- .button-section --><\/div><!-- .section-title-wrapper --><\/div><\/div><\/div><div class=\"wpb_column vc_column_container vc_col-sm-12 vc_col-lg-6 vc_col-md-6\"><div class=\"vc_column-inner\"><div class=\"wpb_wrapper\">\n\t<div  class=\"wpb_single_image wpb_content_element vc_align_left  vc_custom_1552043887354  with-bg-color with-bg-color-back\">\n\t\t\n\t\t<figure class=\"wpb_wrapper vc_figure\">\n\t\t\t<div class=\"vc_single_image-wrapper   vc_box_border_grey\"><img loading=\"lazy\" decoding=\"async\" width=\"800\" height=\"533\" src=\"https:\/\/ekosistemltd.com\/wp-content\/uploads\/2019\/03\/company-1.jpg\" class=\"vc_single_image-img attachment-full\" alt=\"\" title=\"company-1\" srcset=\"https:\/\/ekosistemltd.com\/wp-content\/uploads\/2019\/03\/company-1.jpg 800w, https:\/\/ekosistemltd.com\/wp-content\/uploads\/2019\/03\/company-1-600x400.jpg 600w\" sizes=\"auto, (max-width: 800px) 100vw, 800px\" \/><\/div>\n\t\t<\/figure>\n\t<\/div>\n<\/div><\/div><\/div><\/div><div class=\"vc_row-full-width vc_clearfix\"><\/div><div data-vc-full-width=\"true\" data-vc-full-width-init=\"false\" class=\"vc_row wpb_row vc_row-fluid bg-pos-left-top vc_custom_1668967896941 vc_row-has-fill vc_row-o-content-middle vc_row-flex\"><div class=\"pr-md-5 wpb_column vc_column_container vc_col-sm-12 vc_col-lg-6 vc_col-md-6\"><div class=\"vc_column-inner\"><div class=\"wpb_wrapper\"><div class=\"section-title-wrapper shortcode-rand-4 breno-inline-css\" data-css=\"&quot;.shortcode-rand-4 .background-title { font-family:Abril Fatface;font-weight:400;font-style:normal }.shortcode-rand-4 .title-separator.separator-border,.section-title-wrapper .title-separator.separator-border:after, .section-title-wrapper .title-separator.separator-border:before { background-color: ; }.shortcode-rand-4.section-title-wrapper { color: #ffffff; }.shortcode-rand-4.section-title-wrapper &gt; *:nth-child(1) { margin-bottom: 35px; }.shortcode-rand-4 .section-title { color: #ffffff; text-transform: none; }&quot;\"><div class=\"title-wrap\"><h2 class=\"section-title\">OUR SECTORAL EXPERTISE<\/h2><span class=\"title-separator separator-border theme-color-bg\"><\/span><\/div><!-- .title-wrap --><div class=\"section-description\">\u201cRESPECTFUL TO NATURE, PROFITABLE FOR YOUR COMPANY<\/p>\n<p>WASTEWATER RECOVERY SOLUTIONS<\/p>\n<p>WE BRING YOU TOGETHER\u201d<\/p>\n<p>&nbsp;<\/p>\n<p><span style=\"font-weight: 400\">At Ekosistem Engineering, we strive to provide the most accurate solutions tailored to the needs of businesses, leveraging our knowledge and expertise. Through our top-tier services, we help our clients achieve sustainable and long-term results.<\/span><\/p>\n<p>&nbsp;<\/p>\n<p><span style=\"font-weight: 400\">Our innovative and goal-oriented perspective is behind our successful projects in many countries and our 30 years of experience. As Ekosistem Engineering, one of our greatest strengths is our superior performance in after-sales services. The comprehensive technical support and maintenance services we offer to our customers in more than 200 projects we have completed ensure the uninterrupted and efficient operation of the facilities, while enabling us to establish long-term collaborations.<\/span><\/p>\n<p>&nbsp;<\/p>\n<p><b>Ekosistem Engineering collaborates with European solution partners to deliver the most advanced technologies, R&amp;D, and pilot plant studies to its clients. While designing wastewater treatment plants and water recycling facilities, Ekosistem Engineering adopts globally recognized targets like \"Zero Liquid Discharge\" and \"ZDHC (Zero Discharge of Hazardous Chemicals)\" enhancing companies' competitiveness while performing water reclamation. In a time when water resources are increasingly scarce and reducing the carbon footprint has become a necessity, we take pride in offering you the best wastewater treatment solutions. To achieve sustainable success in your eco-friendly projects, please visit our Contact page and fill out the form!<\/b><\/p>\n<p>&nbsp;<\/p>\n<p><span style=\"font-weight: 400\">As Ekosistem Engineering, we are proud to offer you the right solutions in this period when water resources are gradually decreasing in the world and reducing the carbon footprint has become a necessity. You can fill out the form by visiting our Contact page to achieve sustainable success in your environmentally friendly projects!<\/span><\/div><!-- .section-description --><div class=\"button-section\"><\/div><!-- .button-section --><\/div><!-- .section-title-wrapper --><div class=\"vc_tta-container vc_tta-o-non-responsive\" data-vc-action=\"collapse\" data-vc-tta-autoplay=\"{&quot;delay&quot;:10000}\"><div class=\"vc_general vc_tta vc_tta-tabs vc_tta-o-shape-group vc_tta-has-pagination vc_tta-o-no-fill vc_tta-tabs-position-top  vc_tta-pageable wpb_animate_when_almost_visible wpb_fadeIn fadeIn\"><div class=\"vc_tta-panels-container\"><ul class=\"vc_general vc_pagination vc_pagination-style-flat vc_pagination-shape-rounded vc_pagination-color-grey\"><li class=\"vc_pagination-item vc_active\" data-vc-tab><a href=\"#1725909930495-491bab49-6f39\" class=\"vc_pagination-trigger\" data-vc-tabs data-vc-container=\".vc_tta\"><\/a><\/li><li class=\"vc_pagination-item\" data-vc-tab><a href=\"#1725909930509-85dc81b2-52ee\" class=\"vc_pagination-trigger\" data-vc-tabs data-vc-container=\".vc_tta\"><\/a><\/li><li class=\"vc_pagination-item\" data-vc-tab><a href=\"#1725910088748-6abf7024-5b31\" class=\"vc_pagination-trigger\" data-vc-tabs data-vc-container=\".vc_tta\"><\/a><\/li><li class=\"vc_pagination-item\" data-vc-tab><a href=\"#1725910560964-7bd8f15a-6aaa\" class=\"vc_pagination-trigger\" data-vc-tabs data-vc-container=\".vc_tta\"><\/a><\/li><\/ul><div class=\"vc_tta-panels\"><div  class=\"vc_tta-panel vc_active\" id=\"1725909930495-491bab49-6f39\" data-vc-content=\".vc_tta-panel-body\"><div class=\"vc_tta-panel-body\">\n\t\t\t<span class=\"vc_tta-panel-title\">\n\t\t\t\t<a  data-vc-container=\".vc_tta-container\" data-vc-accordion=\"\" data-vc-target=\"#1725909930495-491bab49-6f39\"><\/a>\n\t\t\t<\/span>\n\t\t\n\t<div class=\"wpb_text_column wpb_content_element\" >\n\t\t<div class=\"wpb_wrapper\">\n\t\t\t<p>At Ekosistem Engineering, we strive to provide the most accurate solutions tailored to the needs of businesses, leveraging our knowledge and expertise. Through our top-tier services, we help our clients achieve sustainable and long-term results.<\/p>\n\n\t\t<\/div>\n\t<\/div>\n<\/div><\/div><div  class=\"vc_tta-panel\" id=\"1725909930509-85dc81b2-52ee\" data-vc-content=\".vc_tta-panel-body\"><div class=\"vc_tta-panel-body\">\n\t\t\t<span class=\"vc_tta-panel-title\">\n\t\t\t\t<a  data-vc-container=\".vc_tta-container\" data-vc-accordion=\"\" data-vc-target=\"#1725909930509-85dc81b2-52ee\"><\/a>\n\t\t\t<\/span>\n\t\t\n\t<div class=\"wpb_text_column wpb_content_element\" >\n\t\t<div class=\"wpb_wrapper\">\n\t\t\t<p>Behind our successful projects in numerous countries and our 30 years of experience is our innovative and goal-oriented approach. One of the strongest aspects of Ekosistem Engineering is our superior performance in after-sales services. In over 200 completed projects, the comprehensive technical support and maintenance services we provide ensure the uninterrupted and efficient operation of the plants, allowing us to establish long-term partnerships.<\/p>\n\n\t\t<\/div>\n\t<\/div>\n<\/div><\/div><div  class=\"vc_tta-panel\" id=\"1725910088748-6abf7024-5b31\" data-vc-content=\".vc_tta-panel-body\"><div class=\"vc_tta-panel-body\">\n\t\t\t<span class=\"vc_tta-panel-title\">\n\t\t\t\t<a  data-vc-container=\".vc_tta-container\" data-vc-accordion=\"\" data-vc-target=\"#1725910088748-6abf7024-5b31\"><\/a>\n\t\t\t<\/span>\n\t\t\n\t<div class=\"wpb_text_column wpb_content_element\" >\n\t\t<div class=\"wpb_wrapper\">\n\t\t\t<p>Ekosistem Engineering collaborates with European solution partners to deliver the most advanced technologies, R&amp;D, and pilot plant studies to its clients. While designing wastewater treatment plants and water recycling facilities, Ekosistem Engineering adopts globally recognized targets like \"Zero Liquid Discharge\" and \"ZDHC (Zero Discharge of Hazardous Chemicals)\" enhancing companies' competitiveness while performing water reclamation. In a time when water resources are increasingly scarce and reducing the carbon footprint has become a necessity, we take pride in offering you the best wastewater treatment solutions. To achieve sustainable success in your eco-friendly projects, please visit our Contact page and fill out the form!<\/p>\n\n\t\t<\/div>\n\t<\/div>\n<\/div><\/div><div  class=\"vc_tta-panel\" id=\"1725910560964-7bd8f15a-6aaa\" data-vc-content=\".vc_tta-panel-body\"><div class=\"vc_tta-panel-body\">\n\t\t\t<span class=\"vc_tta-panel-title\">\n\t\t\t\t<a  data-vc-container=\".vc_tta-container\" data-vc-accordion=\"\" data-vc-target=\"#1725910560964-7bd8f15a-6aaa\"><\/a>\n\t\t\t<\/span>\n\t\t\n\t<div class=\"wpb_text_column wpb_content_element\" >\n\t\t<div class=\"wpb_wrapper\">\n\t\t\t<p>As Ekosistem Engineering, we are proud to offer you the right solutions in this period when water resources are gradually decreasing in the world and reducing the carbon footprint has become a necessity. You can fill out the form by visiting our Contact page to achieve sustainable success in your environmentally friendly projects!<\/p>\n\n\t\t<\/div>\n\t<\/div>\n<\/div><\/div><\/div><\/div><\/div><\/div><\/div><\/div><\/div><div class=\"wpb_column vc_column_container vc_col-sm-12 vc_col-lg-6 vc_col-md-6\"><div class=\"vc_column-inner\"><div class=\"wpb_wrapper\">\n\t<div  class=\"wpb_single_image wpb_content_element vc_align_left  vc_custom_1668968405890  with-bg-color with-bg-color-back\">\n\t\t\n\t\t<figure class=\"wpb_wrapper vc_figure\">\n\t\t\t<div class=\"vc_single_image-wrapper   vc_box_border_grey\"><img loading=\"lazy\" decoding=\"async\" width=\"578\" height=\"392\" src=\"https:\/\/ekosistemltd.com\/wp-content\/uploads\/2022\/11\/about-us.png\" class=\"vc_single_image-img attachment-full\" alt=\"\" title=\"about-us\" srcset=\"https:\/\/ekosistemltd.com\/wp-content\/uploads\/2022\/11\/about-us.png 578w, https:\/\/ekosistemltd.com\/wp-content\/uploads\/2022\/11\/about-us-18x12.png 18w\" sizes=\"auto, (max-width: 578px) 100vw, 578px\" \/><\/div>\n\t\t<\/figure>\n\t<\/div>\n<\/div><\/div><\/div><\/div><div class=\"vc_row-full-width vc_clearfix\"><\/div><div class=\"vc_row wpb_row vc_row-fluid\"><div class=\"wpb_column vc_column_container vc_col-sm-12\"><div class=\"vc_column-inner\"><div class=\"wpb_wrapper\"><div class=\"image-grid-wrapper image-grid-1\"><div class=\"owl-carousel\" data-loop=\"1\" data-margin=\"50\" data-center=\"0\" data-nav=\"0\" data-dots=\"0\" data-autoplay=\"1\" data-items=\"5\" data-items-tab=\"3\" data-items-mob=\"1\" data-duration=\"5000\" data-smartspeed=\"250\" data-scrollby=\"1\" data-autoheight=\"false\"><div class=\"item\"><div class=\"col-lg-12 col-md-12\"><div class=\"image-grid-inner\"><img decoding=\"async\" class=\"img-fluid\" src=\"https:\/\/ekosistemltd.com\/wp-content\/uploads\/2019\/02\/c6.png\" data-mce-src=\"https:\/\/ekosistemltd.com\/wp-content\/uploads\/2019\/02\/c6.png\" alt=\"Image\" \/><\/div><!-- .image-grid-inner --><\/div><!-- .cols --><\/div><!-- .item --><div class=\"item\"><div class=\"col-lg-12 col-md-12\"><div class=\"image-grid-inner\"><img decoding=\"async\" class=\"img-fluid\" src=\"https:\/\/ekosistemltd.com\/wp-content\/uploads\/2019\/02\/c5.png\" data-mce-src=\"https:\/\/ekosistemltd.com\/wp-content\/uploads\/2019\/02\/c5.png\" alt=\"Image\" \/><\/div><!-- .image-grid-inner --><\/div><!-- .cols --><\/div><!-- .item --><div class=\"item\"><div class=\"col-lg-12 col-md-12\"><div class=\"image-grid-inner\"><img decoding=\"async\" class=\"img-fluid\" src=\"https:\/\/ekosistemltd.com\/wp-content\/uploads\/2019\/02\/c4.png\" data-mce-src=\"https:\/\/ekosistemltd.com\/wp-content\/uploads\/2019\/02\/c4.png\" alt=\"Image\" \/><\/div><!-- .image-grid-inner --><\/div><!-- .cols --><\/div><!-- .item --><div class=\"item\"><div class=\"col-lg-12 col-md-12\"><div class=\"image-grid-inner\"><img decoding=\"async\" class=\"img-fluid\" src=\"https:\/\/ekosistemltd.com\/wp-content\/uploads\/2019\/02\/c3.png\" data-mce-src=\"https:\/\/ekosistemltd.com\/wp-content\/uploads\/2019\/02\/c3.png\" alt=\"Image\" \/><\/div><!-- .image-grid-inner --><\/div><!-- .cols --><\/div><!-- .item --><div class=\"item\"><div class=\"col-lg-12 col-md-12\"><div class=\"image-grid-inner\"><img decoding=\"async\" class=\"img-fluid\" src=\"https:\/\/ekosistemltd.com\/wp-content\/uploads\/2019\/02\/c2.png\" data-mce-src=\"https:\/\/ekosistemltd.com\/wp-content\/uploads\/2019\/02\/c2.png\" alt=\"Image\" \/><\/div><!-- .image-grid-inner --><\/div><!-- .cols --><\/div><!-- .item --><div class=\"item\"><div class=\"col-lg-12 col-md-12\"><div class=\"image-grid-inner\"><img decoding=\"async\" class=\"img-fluid\" src=\"https:\/\/ekosistemltd.com\/wp-content\/uploads\/2019\/02\/c1.png\" data-mce-src=\"https:\/\/ekosistemltd.com\/wp-content\/uploads\/2019\/02\/c1.png\" alt=\"Image\" \/><\/div><!-- .image-grid-inner --><\/div><!-- .cols --><\/div><!-- .item --><\/div><!-- .owl-carousel --><\/div><!-- .image-grid-wrapper --><\/div><\/div><\/div><\/div>","protected":false},"excerpt":{"rendered":"EKOLOJ\u0130K SORUMLULUK\u0130klim de\u011fi\u015fikli\u011fi, kaynaklar\u0131n t\u00fckenmesi, biyolojik \u00e7e\u015fitlili\u011fin \u00e7\u00f6k\u00fc\u015f\u00fc ve \u00e7evre kirlili\u011fi gibi \u00e7ok ciddi sorunla kar\u015f\u0131 kar\u015f\u0131ya kald\u0131\u011f\u0131m\u0131z bu d\u00f6nemde insanl\u0131k, gelecek nesillere daha ya\u015fanabilir bir d\u00fcnya b\u0131rakmak i\u00e7in ortak bir \u00e7aba i\u00e7inde olmal\u0131d\u0131r. Bu y\u00fczden \u00e7evreye sayg\u0131l\u0131 kararlar almak hi\u00e7 olmad\u0131\u011f\u0131 kadar \u00f6nemli bir hale gelmektedir. Ekolojik bir de\u011fi\u015fim yaratmak i\u00e7in ortak hareket etmeliyiz.","protected":false},"author":1,"featured_media":0,"parent":0,"menu_order":0,"comment_status":"closed","ping_status":"closed","template":"","meta":{"footnotes":""},"class_list":["post-1712","page","type-page","status-publish","hentry"],"aioseo_notices":[],"_links":{"self":[{"href":"https:\/\/ekosistemltd.com\/en\/wp-json\/wp\/v2\/pages\/1712","targetHints":{"allow":["GET"]}}],"collection":[{"href":"https:\/\/ekosistemltd.com\/en\/wp-json\/wp\/v2\/pages"}],"about":[{"href":"https:\/\/ekosistemltd.com\/en\/wp-json\/wp\/v2\/types\/page"}],"author":[{"embeddable":true,"href":"https:\/\/ekosistemltd.com\/en\/wp-json\/wp\/v2\/users\/1"}],"replies":[{"embeddable":true,"href":"https:\/\/ekosistemltd.com\/en\/wp-json\/wp\/v2\/comments?post=1712"}],"version-history":[{"count":45,"href":"https:\/\/ekosistemltd.com\/en\/wp-json\/wp\/v2\/pages\/1712\/revisions"}],"predecessor-version":[{"id":7620,"href":"https:\/\/ekosistemltd.com\/en\/wp-json\/wp\/v2\/pages\/1712\/revisions\/7620"}],"wp:attachment":[{"href":"https:\/\/ekosistemltd.com\/en\/wp-json\/wp\/v2\/media?parent=1712"}],"curies":[{"name":"wp","href":"https:\/\/api.w.org\/{rel}","templated":true}]}}