{"id":996,"date":"2018-09-22T07:53:32","date_gmt":"2018-09-22T07:53:32","guid":{"rendered":"http:\/\/demo.zozothemes.com\/breno\/home-copy\/"},"modified":"2024-09-09T19:15:32","modified_gmt":"2024-09-09T19:15:32","slug":"hizmetler","status":"publish","type":"page","link":"http:\/\/ekosistemltd.com\/en\/hizmetler\/","title":{"rendered":"Services"},"content":{"rendered":"<div data-vc-full-width=\"true\" data-vc-full-width-init=\"false\" class=\"vc_row wpb_row vc_row-fluid\"><div class=\"wpb_column vc_column_container vc_col-sm-12\"><div class=\"vc_column-inner\"><div class=\"wpb_wrapper\"><div class=\"services-wrapper uservices services-2 services-light shortcode-rand-2 breno-inline-css\" data-css=\"&quot;.shortcode-rand-2.services-wrapper .services-inner &gt; *:nth-child(1) { margin-bottom: 35px; }.shortcode-rand-2.services-wrapper .services-inner &gt; *:nth-child(2) { margin-bottom: 20px; }.shortcode-rand-2.services-wrapper .services-inner &gt; *:nth-child(3) { margin-bottom: 35px; }.shortcode-rand-2.services-wrapper, .shortcode-rand-2.services-wrapper.services-dark .services-inner { color: #ffffff; }&quot;\"><div class=\"row\"><div class=\"col-lg-4 col-md-4\"><div class=\"services-inner\"><div class=\"services-thumb\"><img loading=\"lazy\" decoding=\"async\" width=\"438\" height=\"260\" src=\"https:\/\/ekosistemltd.com\/wp-content\/uploads\/2022\/11\/ZDHC-UYUMLULUK-KAPSAMINDA-ATIKSU-ARITMA-TESISI-DENETIMLERI_.jpg\" class=\"img-fluid wp-post-image\" alt=\"ZDHC-UYUMLULUK-KAPSAMINDA-ATIKSU-ARITMA-TESISI-DENETIMLERI_\" srcset=\"https:\/\/ekosistemltd.com\/wp-content\/uploads\/2022\/11\/ZDHC-UYUMLULUK-KAPSAMINDA-ATIKSU-ARITMA-TESISI-DENETIMLERI_.jpg 440w, https:\/\/ekosistemltd.com\/wp-content\/uploads\/2022\/11\/ZDHC-UYUMLULUK-KAPSAMINDA-ATIKSU-ARITMA-TESISI-DENETIMLERI_-18x12.jpg 18w, https:\/\/ekosistemltd.com\/wp-content\/uploads\/2022\/11\/ZDHC-UYUMLULUK-KAPSAMINDA-ATIKSU-ARITMA-TESISI-DENETIMLERI_-220x130.jpg 220w\" sizes=\"auto, (max-width: 438px) 100vw, 438px\" \/><div class=\"service-overlay-wrap breno-overlay-wrap\"><div class=\"services-read-more\"><a href=\"http:\/\/ekosistemltd.com\/en\/service\/zdhc-uyumluluk-kapsaminda-atiksu-aritma-tesisi-denetimleri\/\" class=\"read-more\">Detail<\/a><\/div><!-- .services-read-more --><\/div><!-- .breno-overlay-wrap --><\/div><!-- .services-thumb --><div class=\"services-title\"><h4><a href=\"http:\/\/ekosistemltd.com\/en\/service\/zdhc-uyumluluk-kapsaminda-atiksu-aritma-tesisi-denetimleri\/\" class=\"entry-title\">Wastewater Treatment Plant Inspections<\/a><\/h4><\/div><!-- .services-title --><div class=\"services-excerpt\">The ZDHC (Zero Discharge of Hazardous Chemicals) regulation is a directive that mandates the control and inspection of wastewater treatment plants for companies operating in the textile, leather, and footwear sectors in Europe.<\/div><!-- .services-excerpt --><\/div><!-- .services-inner --><\/div><!-- .cols --><div class=\"col-lg-4 col-md-4\"><div class=\"services-inner\"><div class=\"services-thumb\"><img loading=\"lazy\" decoding=\"async\" width=\"440\" height=\"260\" src=\"https:\/\/ekosistemltd.com\/wp-content\/uploads\/2022\/09\/Endustriyel-Su-Aritma-Tesisleri-440x260.jpg\" class=\"img-fluid wp-post-image\" alt=\"End\u00fcstriyel Su Ar\u0131tma Tesisleri\" srcset=\"https:\/\/ekosistemltd.com\/wp-content\/uploads\/2022\/09\/Endustriyel-Su-Aritma-Tesisleri-440x260.jpg 440w, https:\/\/ekosistemltd.com\/wp-content\/uploads\/2022\/09\/Endustriyel-Su-Aritma-Tesisleri-600x356.jpg 600w, https:\/\/ekosistemltd.com\/wp-content\/uploads\/2022\/09\/Endustriyel-Su-Aritma-Tesisleri-768x456.jpg 768w, https:\/\/ekosistemltd.com\/wp-content\/uploads\/2022\/09\/Endustriyel-Su-Aritma-Tesisleri.jpg 1170w, https:\/\/ekosistemltd.com\/wp-content\/uploads\/2022\/09\/Endustriyel-Su-Aritma-Tesisleri-18x12.jpg 18w, https:\/\/ekosistemltd.com\/wp-content\/uploads\/2022\/09\/Endustriyel-Su-Aritma-Tesisleri-220x130.jpg 220w\" sizes=\"auto, (max-width: 440px) 100vw, 440px\" \/><div class=\"service-overlay-wrap breno-overlay-wrap\"><div class=\"services-read-more\"><a href=\"http:\/\/ekosistemltd.com\/en\/service\/endustriyel-su-aritma-tesisleri\/\" class=\"read-more\">Detail<\/a><\/div><!-- .services-read-more --><\/div><!-- .breno-overlay-wrap --><\/div><!-- .services-thumb --><div class=\"services-title\"><h4><a href=\"http:\/\/ekosistemltd.com\/en\/service\/endustriyel-su-aritma-tesisleri\/\" class=\"entry-title\">Industrial Wastewater Treatment Plants<\/a><\/h4><\/div><!-- .services-title --><div class=\"services-excerpt\">Industrial water treatment is a critical process that ensures wastewater generated from manufacturing sectors and food processing facilities is treated and discharged in a way that does not harm the environment.<\/div><!-- .services-excerpt --><\/div><!-- .services-inner --><\/div><!-- .cols --><div class=\"col-lg-4 col-md-4\"><div class=\"services-inner\"><div class=\"services-thumb\"><img loading=\"lazy\" decoding=\"async\" width=\"440\" height=\"260\" src=\"https:\/\/ekosistemltd.com\/wp-content\/uploads\/2022\/09\/Evsel-Atiksu-Aritma-Sistemleri-440x260.jpg\" class=\"img-fluid wp-post-image\" alt=\"Evsel At\u0131ksu Ar\u0131tma Sistemleri\" srcset=\"https:\/\/ekosistemltd.com\/wp-content\/uploads\/2022\/09\/Evsel-Atiksu-Aritma-Sistemleri-440x260.jpg 440w, https:\/\/ekosistemltd.com\/wp-content\/uploads\/2022\/09\/Evsel-Atiksu-Aritma-Sistemleri-600x356.jpg 600w, https:\/\/ekosistemltd.com\/wp-content\/uploads\/2022\/09\/Evsel-Atiksu-Aritma-Sistemleri-768x456.jpg 768w, https:\/\/ekosistemltd.com\/wp-content\/uploads\/2022\/09\/Evsel-Atiksu-Aritma-Sistemleri.jpg 1170w, https:\/\/ekosistemltd.com\/wp-content\/uploads\/2022\/09\/Evsel-Atiksu-Aritma-Sistemleri-18x12.jpg 18w, https:\/\/ekosistemltd.com\/wp-content\/uploads\/2022\/09\/Evsel-Atiksu-Aritma-Sistemleri-220x130.jpg 220w\" sizes=\"auto, (max-width: 440px) 100vw, 440px\" \/><div class=\"service-overlay-wrap breno-overlay-wrap\"><div class=\"services-read-more\"><a href=\"http:\/\/ekosistemltd.com\/en\/service\/evsel-atiksu-aritma-sistemleri\/\" class=\"read-more\">Detail<\/a><\/div><!-- .services-read-more --><\/div><!-- .breno-overlay-wrap --><\/div><!-- .services-thumb --><div class=\"services-title\"><h4><a href=\"http:\/\/ekosistemltd.com\/en\/service\/evsel-atiksu-aritma-sistemleri\/\" class=\"entry-title\">Domestic Wastewater Treatment Systems<\/a><\/h4><\/div><!-- .services-title --><div class=\"services-excerpt\">Domestic wastewater consists of polluted waters originating from urban areas, including homes, hotels, schools, and other institutions, which cannot be reused without proper treatment.<\/div><!-- .services-excerpt --><\/div><!-- .services-inner --><\/div><!-- .cols --><\/div><!-- .row --><div class=\"row\"><div class=\"col-lg-4 col-md-4\"><div class=\"services-inner\"><div class=\"services-thumb\"><img loading=\"lazy\" decoding=\"async\" width=\"440\" height=\"260\" src=\"https:\/\/ekosistemltd.com\/wp-content\/uploads\/2018\/07\/PAKET-ATIKSU-ARITMA-TESISLERI-1-440x260.jpg\" class=\"img-fluid wp-post-image\" alt=\"PAKET ATIKSU ARITMA TES\u0130SLER\u0130\" srcset=\"https:\/\/ekosistemltd.com\/wp-content\/uploads\/2018\/07\/PAKET-ATIKSU-ARITMA-TESISLERI-1-440x260.jpg 440w, https:\/\/ekosistemltd.com\/wp-content\/uploads\/2018\/07\/PAKET-ATIKSU-ARITMA-TESISLERI-1-600x356.jpg 600w, https:\/\/ekosistemltd.com\/wp-content\/uploads\/2018\/07\/PAKET-ATIKSU-ARITMA-TESISLERI-1-768x456.jpg 768w, https:\/\/ekosistemltd.com\/wp-content\/uploads\/2018\/07\/PAKET-ATIKSU-ARITMA-TESISLERI-1.jpg 1170w, https:\/\/ekosistemltd.com\/wp-content\/uploads\/2018\/07\/PAKET-ATIKSU-ARITMA-TESISLERI-1-18x12.jpg 18w, https:\/\/ekosistemltd.com\/wp-content\/uploads\/2018\/07\/PAKET-ATIKSU-ARITMA-TESISLERI-1-220x130.jpg 220w\" sizes=\"auto, (max-width: 440px) 100vw, 440px\" \/><div class=\"service-overlay-wrap breno-overlay-wrap\"><div class=\"services-read-more\"><a href=\"http:\/\/ekosistemltd.com\/en\/service\/paket-atiksu-aritma-tesisleri\/\" class=\"read-more\">Detail<\/a><\/div><!-- .services-read-more --><\/div><!-- .breno-overlay-wrap --><\/div><!-- .services-thumb --><div class=\"services-title\"><h4><a href=\"http:\/\/ekosistemltd.com\/en\/service\/paket-atiksu-aritma-tesisleri\/\" class=\"entry-title\">Package Wastewater Treatment Plants<\/a><\/h4><\/div><!-- .services-title --><div class=\"services-excerpt\">Package plant wastewater treatments are designed to provide the most suitable solutions, especially for regions with construction difficulties, considering capacity and plant locations.<\/div><!-- .services-excerpt --><\/div><!-- .services-inner --><\/div><!-- .cols --><div class=\"col-lg-4 col-md-4\"><div class=\"services-inner\"><div class=\"services-thumb\"><img loading=\"lazy\" decoding=\"async\" width=\"440\" height=\"260\" src=\"https:\/\/ekosistemltd.com\/wp-content\/uploads\/2018\/07\/Deniz-Suyu-ve-Kuyu-Suyu-Artima-Sistemleri-440x260.jpg\" class=\"img-fluid wp-post-image\" alt=\"Deniz Suyu ve Kuyu Suyu Art\u0131ma Sistemleri\" srcset=\"https:\/\/ekosistemltd.com\/wp-content\/uploads\/2018\/07\/Deniz-Suyu-ve-Kuyu-Suyu-Artima-Sistemleri-440x260.jpg 440w, https:\/\/ekosistemltd.com\/wp-content\/uploads\/2018\/07\/Deniz-Suyu-ve-Kuyu-Suyu-Artima-Sistemleri-600x356.jpg 600w, https:\/\/ekosistemltd.com\/wp-content\/uploads\/2018\/07\/Deniz-Suyu-ve-Kuyu-Suyu-Artima-Sistemleri-768x456.jpg 768w, https:\/\/ekosistemltd.com\/wp-content\/uploads\/2018\/07\/Deniz-Suyu-ve-Kuyu-Suyu-Artima-Sistemleri.jpg 1170w, https:\/\/ekosistemltd.com\/wp-content\/uploads\/2018\/07\/Deniz-Suyu-ve-Kuyu-Suyu-Artima-Sistemleri-18x12.jpg 18w, https:\/\/ekosistemltd.com\/wp-content\/uploads\/2018\/07\/Deniz-Suyu-ve-Kuyu-Suyu-Artima-Sistemleri-220x130.jpg 220w\" sizes=\"auto, (max-width: 440px) 100vw, 440px\" \/><div class=\"service-overlay-wrap breno-overlay-wrap\"><div class=\"services-read-more\"><a href=\"http:\/\/ekosistemltd.com\/en\/service\/deniz-suyu-ve-kuyu-suyu-artima-sistemleri\/\" class=\"read-more\">Detail<\/a><\/div><!-- .services-read-more --><\/div><!-- .breno-overlay-wrap --><\/div><!-- .services-thumb --><div class=\"services-title\"><h4><a href=\"http:\/\/ekosistemltd.com\/en\/service\/deniz-suyu-ve-kuyu-suyu-artima-sistemleri\/\" class=\"entry-title\">Seawater &amp; Brackish Water Treatment Systems<\/a><\/h4><\/div><!-- .services-title --><div class=\"services-excerpt\"><p>Seawater treatment systems are solutions developed to provide clean water for both domestic and industrial use in regions where freshwater sources are limited or nonexistent.<\/p>\n<\/div><!-- .services-excerpt --><\/div><!-- .services-inner --><\/div><!-- .cols --><div class=\"col-lg-4 col-md-4\"><div class=\"services-inner\"><div class=\"services-thumb\"><img loading=\"lazy\" decoding=\"async\" width=\"440\" height=\"260\" src=\"https:\/\/ekosistemltd.com\/wp-content\/uploads\/2018\/07\/ATIKSU-GERI-KAZANIM-SISTEMLERI-440x260.jpg\" class=\"img-fluid wp-post-image\" alt=\"ATIKSU GER\u0130 KAZANIM S\u0130STEMLER\u0130\" srcset=\"https:\/\/ekosistemltd.com\/wp-content\/uploads\/2018\/07\/ATIKSU-GERI-KAZANIM-SISTEMLERI-440x260.jpg 440w, https:\/\/ekosistemltd.com\/wp-content\/uploads\/2018\/07\/ATIKSU-GERI-KAZANIM-SISTEMLERI-600x356.jpg 600w, https:\/\/ekosistemltd.com\/wp-content\/uploads\/2018\/07\/ATIKSU-GERI-KAZANIM-SISTEMLERI-768x456.jpg 768w, https:\/\/ekosistemltd.com\/wp-content\/uploads\/2018\/07\/ATIKSU-GERI-KAZANIM-SISTEMLERI.jpg 1170w, https:\/\/ekosistemltd.com\/wp-content\/uploads\/2018\/07\/ATIKSU-GERI-KAZANIM-SISTEMLERI-18x12.jpg 18w, https:\/\/ekosistemltd.com\/wp-content\/uploads\/2018\/07\/ATIKSU-GERI-KAZANIM-SISTEMLERI-220x130.jpg 220w\" sizes=\"auto, (max-width: 440px) 100vw, 440px\" \/><div class=\"service-overlay-wrap breno-overlay-wrap\"><div class=\"services-read-more\"><a href=\"http:\/\/ekosistemltd.com\/en\/service\/atiksu-geri-kazanim-sistemleri\/\" class=\"read-more\">Detail<\/a><\/div><!-- .services-read-more --><\/div><!-- .breno-overlay-wrap --><\/div><!-- .services-thumb --><div class=\"services-title\"><h4><a href=\"http:\/\/ekosistemltd.com\/en\/service\/atiksu-geri-kazanim-sistemleri\/\" class=\"entry-title\">Wastewater Reclamation Systems<\/a><\/h4><\/div><!-- .services-title --><div class=\"services-excerpt\">Wastewater reclamation is a process that transforms wastewater into clean water through advanced treatment systems, enabling its reuse for other purposes.<\/div><!-- .services-excerpt --><\/div><!-- .services-inner --><\/div><!-- .cols --><\/div><!-- .row --><div class=\"row\"><div class=\"col-lg-4 col-md-4\"><div class=\"services-inner\"><div class=\"services-thumb\"><img loading=\"lazy\" decoding=\"async\" width=\"440\" height=\"260\" src=\"https:\/\/ekosistemltd.com\/wp-content\/uploads\/2018\/07\/ATIK-CAMUR-SUSUZLASTIRMA-440x260.jpg\" class=\"img-fluid wp-post-image\" alt=\"\" srcset=\"https:\/\/ekosistemltd.com\/wp-content\/uploads\/2018\/07\/ATIK-CAMUR-SUSUZLASTIRMA-440x260.jpg 440w, https:\/\/ekosistemltd.com\/wp-content\/uploads\/2018\/07\/ATIK-CAMUR-SUSUZLASTIRMA-600x356.jpg 600w, https:\/\/ekosistemltd.com\/wp-content\/uploads\/2018\/07\/ATIK-CAMUR-SUSUZLASTIRMA-768x456.jpg 768w, https:\/\/ekosistemltd.com\/wp-content\/uploads\/2018\/07\/ATIK-CAMUR-SUSUZLASTIRMA.jpg 1170w, https:\/\/ekosistemltd.com\/wp-content\/uploads\/2018\/07\/ATIK-CAMUR-SUSUZLASTIRMA-18x12.jpg 18w, https:\/\/ekosistemltd.com\/wp-content\/uploads\/2018\/07\/ATIK-CAMUR-SUSUZLASTIRMA-220x130.jpg 220w\" sizes=\"auto, (max-width: 440px) 100vw, 440px\" \/><div class=\"service-overlay-wrap breno-overlay-wrap\"><div class=\"services-read-more\"><a href=\"http:\/\/ekosistemltd.com\/en\/service\/atik-camur-susuzlastirma\/\" class=\"read-more\">Detail<\/a><\/div><!-- .services-read-more --><\/div><!-- .breno-overlay-wrap --><\/div><!-- .services-thumb --><div class=\"services-title\"><h4><a href=\"http:\/\/ekosistemltd.com\/en\/service\/atik-camur-susuzlastirma\/\" class=\"entry-title\">Sludge Dewatering Plants<\/a><\/h4><\/div><!-- .services-title --><div class=\"services-excerpt\">Sludge dewatering is crucial for reducing the operational costs of wastewater and effluent treatment systems.<\/div><!-- .services-excerpt --><\/div><!-- .services-inner --><\/div><!-- .cols --><div class=\"col-lg-4 col-md-4\"><div class=\"services-inner\"><div class=\"services-thumb\"><img loading=\"lazy\" decoding=\"async\" width=\"440\" height=\"260\" src=\"https:\/\/ekosistemltd.com\/wp-content\/uploads\/2018\/07\/sample-440x260.jpg\" class=\"img-fluid wp-post-image\" alt=\"\" srcset=\"https:\/\/ekosistemltd.com\/wp-content\/uploads\/2018\/07\/sample-440x260.jpg 440w, https:\/\/ekosistemltd.com\/wp-content\/uploads\/2018\/07\/sample-600x356.jpg 600w, https:\/\/ekosistemltd.com\/wp-content\/uploads\/2018\/07\/sample-768x456.jpg 768w, https:\/\/ekosistemltd.com\/wp-content\/uploads\/2018\/07\/sample.jpg 1170w, https:\/\/ekosistemltd.com\/wp-content\/uploads\/2018\/07\/sample-18x12.jpg 18w, https:\/\/ekosistemltd.com\/wp-content\/uploads\/2018\/07\/sample-220x130.jpg 220w\" sizes=\"auto, (max-width: 440px) 100vw, 440px\" \/><div class=\"service-overlay-wrap breno-overlay-wrap\"><div class=\"services-read-more\"><a href=\"http:\/\/ekosistemltd.com\/en\/service\/projelendirme-ve-muhendislik\/\" class=\"read-more\">Detail<\/a><\/div><!-- .services-read-more --><\/div><!-- .breno-overlay-wrap --><\/div><!-- .services-thumb --><div class=\"services-title\"><h4><a href=\"http:\/\/ekosistemltd.com\/en\/service\/projelendirme-ve-muhendislik\/\" class=\"entry-title\">Wastewater Plant Project Design and Engineering<\/a><\/h4><\/div><!-- .services-title --><div class=\"services-excerpt\">As Ekosistem Engineering, we offer excellent engineering solutions in wastewater treatment planting with the experience we have gained in many projects worldwide.<\/div><!-- .services-excerpt --><\/div><!-- .services-inner --><\/div><!-- .cols --><div class=\"col-lg-4 col-md-4\"><div class=\"services-inner\"><div class=\"services-thumb\"><img loading=\"lazy\" decoding=\"async\" width=\"440\" height=\"260\" src=\"https:\/\/ekosistemltd.com\/wp-content\/uploads\/2018\/07\/KIMYASAL-MADDE-TEMINI-VE-DANISMANLIGI-440x260.jpg\" class=\"img-fluid wp-post-image\" alt=\"\" srcset=\"https:\/\/ekosistemltd.com\/wp-content\/uploads\/2018\/07\/KIMYASAL-MADDE-TEMINI-VE-DANISMANLIGI-440x260.jpg 440w, https:\/\/ekosistemltd.com\/wp-content\/uploads\/2018\/07\/KIMYASAL-MADDE-TEMINI-VE-DANISMANLIGI-600x356.jpg 600w, https:\/\/ekosistemltd.com\/wp-content\/uploads\/2018\/07\/KIMYASAL-MADDE-TEMINI-VE-DANISMANLIGI-768x456.jpg 768w, https:\/\/ekosistemltd.com\/wp-content\/uploads\/2018\/07\/KIMYASAL-MADDE-TEMINI-VE-DANISMANLIGI.jpg 1170w, https:\/\/ekosistemltd.com\/wp-content\/uploads\/2018\/07\/KIMYASAL-MADDE-TEMINI-VE-DANISMANLIGI-18x12.jpg 18w, https:\/\/ekosistemltd.com\/wp-content\/uploads\/2018\/07\/KIMYASAL-MADDE-TEMINI-VE-DANISMANLIGI-220x130.jpg 220w\" sizes=\"auto, (max-width: 440px) 100vw, 440px\" \/><div class=\"service-overlay-wrap breno-overlay-wrap\"><div class=\"services-read-more\"><a href=\"http:\/\/ekosistemltd.com\/en\/service\/kimsyasal-madde-temini-ve-danismanligi\/\" class=\"read-more\">Detail<\/a><\/div><!-- .services-read-more --><\/div><!-- .breno-overlay-wrap --><\/div><!-- .services-thumb --><div class=\"services-title\"><h4><a href=\"http:\/\/ekosistemltd.com\/en\/service\/kimsyasal-madde-temini-ve-danismanligi\/\" class=\"entry-title\">Chemical Substance Supply and Consultancy<\/a><\/h4><\/div><!-- .services-title --><div class=\"services-excerpt\">The correct selection and use of chemicals is vital for the efficient operation of treatment plants.<\/div><!-- .services-excerpt --><\/div><!-- .services-inner --><\/div><!-- .cols --><\/div><!-- .row --><\/div><!-- .services-wrapper --><div class=\"vc_empty_space\"   style=\"height: 64px\"><span class=\"vc_empty_space_inner\"><\/span><\/div>\n\t<div class=\"wpb_text_column wpb_content_element\" >\n\t\t<div class=\"wpb_wrapper\">\n\t\t\t<p style=\"text-align: center;\" class=\"translation-block\">In today's world, the ability to recycle resources and reuse wastewater has become an integral part of the circular economy. Our projects, which focus on improving water quality, are designed to meet all potential demands in the field of effluent water recycling. We provide services in areas such as wastewater, drinking water, process water, and sludge dewatering with an ecological and environmentally friendly approach.<\/p>\n<p style=\"text-align: center;\" class=\"translation-block\">To meet our customers' increasing sustainability requirements, minimize space needs, enhance efficiency, reduce energy consumption, and ensure minimum operating costs, we offer high-quality, reliable, and competitive solutions. We develop the most suitable and unique wastewater treatment methods tailored to your company for primary, secondary, and tertiary wastewater treatment, reclamation, and disinfection.<\/p>\n<p style=\"text-align: center;\"><span style=\"color: #000000;\">Our team of expert engineers is dedicated to helping you achieve your natural resource management goals at your facilities. With services and technologies that meet the industry's highest standards, we aim to respond to your needs and be your solution partner regardless of location, even in the most urgent situations.<\/span><\/p>\n\n\t\t<\/div>\n\t<\/div>\n<\/div><\/div><\/div><\/div><div class=\"vc_row-full-width vc_clearfix\"><\/div>","protected":false},"excerpt":{"rendered":"The correct selection and use of chemicals is vital for the efficient operation of treatment plants.","protected":false},"author":1,"featured_media":0,"parent":0,"menu_order":0,"comment_status":"closed","ping_status":"closed","template":"","meta":{"footnotes":""},"class_list":["post-996","page","type-page","status-publish","hentry"],"aioseo_notices":[],"_links":{"self":[{"href":"http:\/\/ekosistemltd.com\/en\/wp-json\/wp\/v2\/pages\/996","targetHints":{"allow":["GET"]}}],"collection":[{"href":"http:\/\/ekosistemltd.com\/en\/wp-json\/wp\/v2\/pages"}],"about":[{"href":"http:\/\/ekosistemltd.com\/en\/wp-json\/wp\/v2\/types\/page"}],"author":[{"embeddable":true,"href":"http:\/\/ekosistemltd.com\/en\/wp-json\/wp\/v2\/users\/1"}],"replies":[{"embeddable":true,"href":"http:\/\/ekosistemltd.com\/en\/wp-json\/wp\/v2\/comments?post=996"}],"version-history":[{"count":28,"href":"http:\/\/ekosistemltd.com\/en\/wp-json\/wp\/v2\/pages\/996\/revisions"}],"predecessor-version":[{"id":7596,"href":"http:\/\/ekosistemltd.com\/en\/wp-json\/wp\/v2\/pages\/996\/revisions\/7596"}],"wp:attachment":[{"href":"http:\/\/ekosistemltd.com\/en\/wp-json\/wp\/v2\/media?parent=996"}],"curies":[{"name":"wp","href":"https:\/\/api.w.org\/{rel}","templated":true}]}}